{"id":96,"date":"2018-05-24T09:29:24","date_gmt":"2018-05-24T06:29:24","guid":{"rendered":"http:\/\/cimpro.com.tr\/?page_id=96"},"modified":"2019-03-07T14:42:57","modified_gmt":"2019-03-07T12:42:57","slug":"atolyemiz","status":"publish","type":"page","link":"https:\/\/cimpro.com.tr\/?page_id=96","title":{"rendered":"At\u00f6lyemiz"},"content":{"rendered":"<div id='gallery-1' class='gallery galleryid-96 gallery-columns-3 gallery-size-large'><dl class='gallery-item'>\n\t\t\t<dt class='gallery-icon landscape'>\n\t\t\t\t<a href='https:\/\/cimpro.com.tr\/wp-content\/uploads\/2019\/03\/At\u00f6lye.jpg'><img loading=\"lazy\" decoding=\"async\" width=\"1024\" height=\"683\" src=\"https:\/\/cimpro.com.tr\/wp-content\/uploads\/2019\/03\/At\u00f6lye-1024x683.jpg\" class=\"attachment-large size-large\" alt=\"\" srcset=\"https:\/\/cimpro.com.tr\/wp-content\/uploads\/2019\/03\/At\u00f6lye-1024x683.jpg 1024w, https:\/\/cimpro.com.tr\/wp-content\/uploads\/2019\/03\/At\u00f6lye-300x200.jpg 300w, https:\/\/cimpro.com.tr\/wp-content\/uploads\/2019\/03\/At\u00f6lye-768x512.jpg 768w, https:\/\/cimpro.com.tr\/wp-content\/uploads\/2019\/03\/At\u00f6lye.jpg 1366w\" sizes=\"(max-width: 1024px) 100vw, 1024px\" \/><\/a>\n\t\t\t<\/dt><\/dl><dl class='gallery-item'>\n\t\t\t<dt class='gallery-icon landscape'>\n\t\t\t\t<a href='https:\/\/cimpro.com.tr\/wp-content\/uploads\/2019\/03\/CNC-Freze.jpg'><img loading=\"lazy\" decoding=\"async\" width=\"1024\" height=\"683\" src=\"https:\/\/cimpro.com.tr\/wp-content\/uploads\/2019\/03\/CNC-Freze-1024x683.jpg\" class=\"attachment-large size-large\" alt=\"\" srcset=\"https:\/\/cimpro.com.tr\/wp-content\/uploads\/2019\/03\/CNC-Freze-1024x683.jpg 1024w, https:\/\/cimpro.com.tr\/wp-content\/uploads\/2019\/03\/CNC-Freze-300x200.jpg 300w, https:\/\/cimpro.com.tr\/wp-content\/uploads\/2019\/03\/CNC-Freze-768x512.jpg 768w, https:\/\/cimpro.com.tr\/wp-content\/uploads\/2019\/03\/CNC-Freze.jpg 1366w\" sizes=\"(max-width: 1024px) 100vw, 1024px\" \/><\/a>\n\t\t\t<\/dt><\/dl><dl class='gallery-item'>\n\t\t\t<dt class='gallery-icon landscape'>\n\t\t\t\t<a href='https:\/\/cimpro.com.tr\/wp-content\/uploads\/2019\/03\/CNC-Ta\u015flama.jpg'><img loading=\"lazy\" decoding=\"async\" width=\"1024\" height=\"683\" src=\"https:\/\/cimpro.com.tr\/wp-content\/uploads\/2019\/03\/CNC-Ta\u015flama-1024x683.jpg\" class=\"attachment-large size-large\" alt=\"\" srcset=\"https:\/\/cimpro.com.tr\/wp-content\/uploads\/2019\/03\/CNC-Ta\u015flama-1024x683.jpg 1024w, https:\/\/cimpro.com.tr\/wp-content\/uploads\/2019\/03\/CNC-Ta\u015flama-300x200.jpg 300w, https:\/\/cimpro.com.tr\/wp-content\/uploads\/2019\/03\/CNC-Ta\u015flama-768x512.jpg 768w, https:\/\/cimpro.com.tr\/wp-content\/uploads\/2019\/03\/CNC-Ta\u015flama.jpg 1366w\" sizes=\"(max-width: 1024px) 100vw, 1024px\" \/><\/a>\n\t\t\t<\/dt><\/dl><br style=\"clear: both\" \/><dl class='gallery-item'>\n\t\t\t<dt class='gallery-icon landscape'>\n\t\t\t\t<a href='https:\/\/cimpro.com.tr\/wp-content\/uploads\/2019\/03\/CNC-Torna.jpg'><img loading=\"lazy\" decoding=\"async\" width=\"1024\" height=\"683\" src=\"https:\/\/cimpro.com.tr\/wp-content\/uploads\/2019\/03\/CNC-Torna-1024x683.jpg\" class=\"attachment-large size-large\" alt=\"\" srcset=\"https:\/\/cimpro.com.tr\/wp-content\/uploads\/2019\/03\/CNC-Torna-1024x683.jpg 1024w, https:\/\/cimpro.com.tr\/wp-content\/uploads\/2019\/03\/CNC-Torna-300x200.jpg 300w, https:\/\/cimpro.com.tr\/wp-content\/uploads\/2019\/03\/CNC-Torna-768x512.jpg 768w, https:\/\/cimpro.com.tr\/wp-content\/uploads\/2019\/03\/CNC-Torna.jpg 1366w\" sizes=\"(max-width: 1024px) 100vw, 1024px\" \/><\/a>\n\t\t\t<\/dt><\/dl><dl class='gallery-item'>\n\t\t\t<dt class='gallery-icon landscape'>\n\t\t\t\t<a href='https:\/\/cimpro.com.tr\/wp-content\/uploads\/2019\/03\/Kaynakhane.jpg'><img loading=\"lazy\" decoding=\"async\" width=\"1024\" height=\"683\" src=\"https:\/\/cimpro.com.tr\/wp-content\/uploads\/2019\/03\/Kaynakhane-1024x683.jpg\" class=\"attachment-large size-large\" alt=\"\" srcset=\"https:\/\/cimpro.com.tr\/wp-content\/uploads\/2019\/03\/Kaynakhane-1024x683.jpg 1024w, https:\/\/cimpro.com.tr\/wp-content\/uploads\/2019\/03\/Kaynakhane-300x200.jpg 300w, https:\/\/cimpro.com.tr\/wp-content\/uploads\/2019\/03\/Kaynakhane-768x512.jpg 768w, https:\/\/cimpro.com.tr\/wp-content\/uploads\/2019\/03\/Kaynakhane.jpg 1366w\" sizes=\"(max-width: 1024px) 100vw, 1024px\" \/><\/a>\n\t\t\t<\/dt><\/dl><dl class='gallery-item'>\n\t\t\t<dt class='gallery-icon landscape'>\n\t\t\t\t<a href='https:\/\/cimpro.com.tr\/wp-content\/uploads\/2019\/03\/Montaj.jpg'><img loading=\"lazy\" decoding=\"async\" width=\"1024\" height=\"768\" src=\"https:\/\/cimpro.com.tr\/wp-content\/uploads\/2019\/03\/Montaj-1024x768.jpg\" class=\"attachment-large size-large\" alt=\"\" srcset=\"https:\/\/cimpro.com.tr\/wp-content\/uploads\/2019\/03\/Montaj-1024x768.jpg 1024w, https:\/\/cimpro.com.tr\/wp-content\/uploads\/2019\/03\/Montaj-300x225.jpg 300w, https:\/\/cimpro.com.tr\/wp-content\/uploads\/2019\/03\/Montaj-768x576.jpg 768w, https:\/\/cimpro.com.tr\/wp-content\/uploads\/2019\/03\/Montaj.jpg 1366w\" sizes=\"(max-width: 1024px) 100vw, 1024px\" \/><\/a>\n\t\t\t<\/dt><\/dl><br style=\"clear: both\" \/><dl class='gallery-item'>\n\t\t\t<dt class='gallery-icon landscape'>\n\t\t\t\t<a href='https:\/\/cimpro.com.tr\/wp-content\/uploads\/2019\/03\/Sac-B\u00fck\u00fcm.jpg'><img loading=\"lazy\" decoding=\"async\" width=\"1024\" height=\"768\" src=\"https:\/\/cimpro.com.tr\/wp-content\/uploads\/2019\/03\/Sac-B\u00fck\u00fcm-1024x768.jpg\" class=\"attachment-large size-large\" alt=\"\" srcset=\"https:\/\/cimpro.com.tr\/wp-content\/uploads\/2019\/03\/Sac-B\u00fck\u00fcm-1024x768.jpg 1024w, https:\/\/cimpro.com.tr\/wp-content\/uploads\/2019\/03\/Sac-B\u00fck\u00fcm-300x225.jpg 300w, https:\/\/cimpro.com.tr\/wp-content\/uploads\/2019\/03\/Sac-B\u00fck\u00fcm-768x576.jpg 768w, https:\/\/cimpro.com.tr\/wp-content\/uploads\/2019\/03\/Sac-B\u00fck\u00fcm.jpg 1366w\" sizes=\"(max-width: 1024px) 100vw, 1024px\" \/><\/a>\n\t\t\t<\/dt><\/dl><dl class='gallery-item'>\n\t\t\t<dt class='gallery-icon landscape'>\n\t\t\t\t<a href='https:\/\/cimpro.com.tr\/wp-content\/uploads\/2019\/03\/Sac-\u015eekillendirme.jpg'><img loading=\"lazy\" decoding=\"async\" width=\"1024\" height=\"683\" src=\"https:\/\/cimpro.com.tr\/wp-content\/uploads\/2019\/03\/Sac-\u015eekillendirme-1024x683.jpg\" class=\"attachment-large size-large\" alt=\"\" srcset=\"https:\/\/cimpro.com.tr\/wp-content\/uploads\/2019\/03\/Sac-\u015eekillendirme-1024x683.jpg 1024w, https:\/\/cimpro.com.tr\/wp-content\/uploads\/2019\/03\/Sac-\u015eekillendirme-300x200.jpg 300w, https:\/\/cimpro.com.tr\/wp-content\/uploads\/2019\/03\/Sac-\u015eekillendirme-768x512.jpg 768w, https:\/\/cimpro.com.tr\/wp-content\/uploads\/2019\/03\/Sac-\u015eekillendirme.jpg 1366w\" sizes=\"(max-width: 1024px) 100vw, 1024px\" \/><\/a>\n\t\t\t<\/dt><\/dl><dl class='gallery-item'>\n\t\t\t<dt class='gallery-icon landscape'>\n\t\t\t\t<a href='https:\/\/cimpro.com.tr\/wp-content\/uploads\/2019\/03\/Tala\u015fl\u0131-\u0130malat-1.jpg'><img loading=\"lazy\" decoding=\"async\" width=\"1024\" height=\"683\" src=\"https:\/\/cimpro.com.tr\/wp-content\/uploads\/2019\/03\/Tala\u015fl\u0131-\u0130malat-1-1024x683.jpg\" class=\"attachment-large size-large\" alt=\"\" srcset=\"https:\/\/cimpro.com.tr\/wp-content\/uploads\/2019\/03\/Tala\u015fl\u0131-\u0130malat-1-1024x683.jpg 1024w, https:\/\/cimpro.com.tr\/wp-content\/uploads\/2019\/03\/Tala\u015fl\u0131-\u0130malat-1-300x200.jpg 300w, https:\/\/cimpro.com.tr\/wp-content\/uploads\/2019\/03\/Tala\u015fl\u0131-\u0130malat-1-768x512.jpg 768w, https:\/\/cimpro.com.tr\/wp-content\/uploads\/2019\/03\/Tala\u015fl\u0131-\u0130malat-1.jpg 1152w\" sizes=\"(max-width: 1024px) 100vw, 1024px\" \/><\/a>\n\t\t\t<\/dt><\/dl><br style=\"clear: both\" \/><dl class='gallery-item'>\n\t\t\t<dt class='gallery-icon landscape'>\n\t\t\t\t<a href='https:\/\/cimpro.com.tr\/wp-content\/uploads\/2019\/03\/Testere.jpg'><img loading=\"lazy\" decoding=\"async\" width=\"1024\" height=\"683\" src=\"https:\/\/cimpro.com.tr\/wp-content\/uploads\/2019\/03\/Testere-1024x683.jpg\" class=\"attachment-large size-large\" alt=\"\" srcset=\"https:\/\/cimpro.com.tr\/wp-content\/uploads\/2019\/03\/Testere-1024x683.jpg 1024w, https:\/\/cimpro.com.tr\/wp-content\/uploads\/2019\/03\/Testere-300x200.jpg 300w, https:\/\/cimpro.com.tr\/wp-content\/uploads\/2019\/03\/Testere-768x512.jpg 768w, https:\/\/cimpro.com.tr\/wp-content\/uploads\/2019\/03\/Testere.jpg 1366w\" sizes=\"(max-width: 1024px) 100vw, 1024px\" \/><\/a>\n\t\t\t<\/dt><\/dl>\n\t\t\t<br style='clear: both' \/>\n\t\t<\/div>\n\n","protected":false},"excerpt":{"rendered":"","protected":false},"author":1,"featured_media":0,"parent":0,"menu_order":0,"comment_status":"closed","ping_status":"closed","template":"pages\/page-full.php","meta":{"footnotes":""},"aioseo_notices":[],"_links":{"self":[{"href":"https:\/\/cimpro.com.tr\/index.php?rest_route=\/wp\/v2\/pages\/96"}],"collection":[{"href":"https:\/\/cimpro.com.tr\/index.php?rest_route=\/wp\/v2\/pages"}],"about":[{"href":"https:\/\/cimpro.com.tr\/index.php?rest_route=\/wp\/v2\/types\/page"}],"author":[{"embeddable":true,"href":"https:\/\/cimpro.com.tr\/index.php?rest_route=\/wp\/v2\/users\/1"}],"replies":[{"embeddable":true,"href":"https:\/\/cimpro.com.tr\/index.php?rest_route=%2Fwp%2Fv2%2Fcomments&post=96"}],"version-history":[{"count":3,"href":"https:\/\/cimpro.com.tr\/index.php?rest_route=\/wp\/v2\/pages\/96\/revisions"}],"predecessor-version":[{"id":519,"href":"https:\/\/cimpro.com.tr\/index.php?rest_route=\/wp\/v2\/pages\/96\/revisions\/519"}],"wp:attachment":[{"href":"https:\/\/cimpro.com.tr\/index.php?rest_route=%2Fwp%2Fv2%2Fmedia&parent=96"}],"curies":[{"name":"wp","href":"https:\/\/api.w.org\/{rel}","templated":true}]}}