{"id":83,"date":"2018-05-24T09:26:33","date_gmt":"2018-05-24T06:26:33","guid":{"rendered":"http:\/\/cimpro.com.tr\/?page_id=83"},"modified":"2018-08-02T13:07:32","modified_gmt":"2018-08-02T10:07:32","slug":"cam-ve-seramik-sanayi","status":"publish","type":"page","link":"https:\/\/cimpro.com.tr\/?page_id=83","title":{"rendered":"Cam ve Seramik Sanayi"},"content":{"rendered":"<div id='gallery-1' class='gallery galleryid-83 gallery-columns-2 gallery-size-large'><dl class='gallery-item'>\n\t\t\t<dt class='gallery-icon landscape'>\n\t\t\t\t<a href='https:\/\/cimpro.com.tr\/?attachment_id=328'><img loading=\"lazy\" decoding=\"async\" width=\"1024\" height=\"768\" src=\"https:\/\/cimpro.com.tr\/wp-content\/uploads\/2018\/08\/\u015e\u0131r\u0131nga-Makinas\u0131-1024x768.jpg\" class=\"attachment-large size-large\" alt=\"\" srcset=\"https:\/\/cimpro.com.tr\/wp-content\/uploads\/2018\/08\/\u015e\u0131r\u0131nga-Makinas\u0131-1024x768.jpg 1024w, https:\/\/cimpro.com.tr\/wp-content\/uploads\/2018\/08\/\u015e\u0131r\u0131nga-Makinas\u0131-300x225.jpg 300w, https:\/\/cimpro.com.tr\/wp-content\/uploads\/2018\/08\/\u015e\u0131r\u0131nga-Makinas\u0131-768x576.jpg 768w\" sizes=\"(max-width: 1024px) 100vw, 1024px\" \/><\/a>\n\t\t\t<\/dt><\/dl><dl class='gallery-item'>\n\t\t\t<dt class='gallery-icon landscape'>\n\t\t\t\t<a href='https:\/\/cimpro.com.tr\/?attachment_id=329'><img loading=\"lazy\" decoding=\"async\" width=\"1024\" height=\"768\" src=\"https:\/\/cimpro.com.tr\/wp-content\/uploads\/2018\/08\/\u015e\u0131r\u0131nga-Makinas\u01311-1024x768.jpg\" class=\"attachment-large size-large\" alt=\"\" srcset=\"https:\/\/cimpro.com.tr\/wp-content\/uploads\/2018\/08\/\u015e\u0131r\u0131nga-Makinas\u01311-1024x768.jpg 1024w, https:\/\/cimpro.com.tr\/wp-content\/uploads\/2018\/08\/\u015e\u0131r\u0131nga-Makinas\u01311-300x225.jpg 300w, https:\/\/cimpro.com.tr\/wp-content\/uploads\/2018\/08\/\u015e\u0131r\u0131nga-Makinas\u01311-768x576.jpg 768w\" sizes=\"(max-width: 1024px) 100vw, 1024px\" \/><\/a>\n\t\t\t<\/dt><\/dl><br style=\"clear: both\" \/>\n\t\t<\/div>\n\n","protected":false},"excerpt":{"rendered":"","protected":false},"author":1,"featured_media":152,"parent":0,"menu_order":0,"comment_status":"closed","ping_status":"closed","template":"","meta":{"footnotes":""},"aioseo_notices":[],"_links":{"self":[{"href":"https:\/\/cimpro.com.tr\/index.php?rest_route=\/wp\/v2\/pages\/83"}],"collection":[{"href":"https:\/\/cimpro.com.tr\/index.php?rest_route=\/wp\/v2\/pages"}],"about":[{"href":"https:\/\/cimpro.com.tr\/index.php?rest_route=\/wp\/v2\/types\/page"}],"author":[{"embeddable":true,"href":"https:\/\/cimpro.com.tr\/index.php?rest_route=\/wp\/v2\/users\/1"}],"replies":[{"embeddable":true,"href":"https:\/\/cimpro.com.tr\/index.php?rest_route=%2Fwp%2Fv2%2Fcomments&post=83"}],"version-history":[{"count":3,"href":"https:\/\/cimpro.com.tr\/index.php?rest_route=\/wp\/v2\/pages\/83\/revisions"}],"predecessor-version":[{"id":331,"href":"https:\/\/cimpro.com.tr\/index.php?rest_route=\/wp\/v2\/pages\/83\/revisions\/331"}],"wp:featuredmedia":[{"embeddable":true,"href":"https:\/\/cimpro.com.tr\/index.php?rest_route=\/wp\/v2\/media\/152"}],"wp:attachment":[{"href":"https:\/\/cimpro.com.tr\/index.php?rest_route=%2Fwp%2Fv2%2Fmedia&parent=83"}],"curies":[{"name":"wp","href":"https:\/\/api.w.org\/{rel}","templated":true}]}}