{"id":81,"date":"2018-05-24T09:26:17","date_gmt":"2018-05-24T06:26:17","guid":{"rendered":"http:\/\/cimpro.com.tr\/?page_id=81"},"modified":"2018-08-02T13:15:37","modified_gmt":"2018-08-02T10:15:37","slug":"seker-ve-gida-sanayi","status":"publish","type":"page","link":"https:\/\/cimpro.com.tr\/?page_id=81","title":{"rendered":"\u015eeker ve G\u0131da Sanayi"},"content":{"rendered":"<div id='gallery-1' class='gallery galleryid-81 gallery-columns-3 gallery-size-large'><dl class='gallery-item'>\n\t\t\t<dt class='gallery-icon landscape'>\n\t\t\t\t<a href='https:\/\/cimpro.com.tr\/wp-content\/uploads\/2018\/08\/Y\u0131kama-Tamburu.jpg'><img loading=\"lazy\" decoding=\"async\" width=\"1024\" height=\"768\" src=\"https:\/\/cimpro.com.tr\/wp-content\/uploads\/2018\/08\/Y\u0131kama-Tamburu-1024x768.jpg\" class=\"attachment-large size-large\" alt=\"\" srcset=\"https:\/\/cimpro.com.tr\/wp-content\/uploads\/2018\/08\/Y\u0131kama-Tamburu-1024x768.jpg 1024w, https:\/\/cimpro.com.tr\/wp-content\/uploads\/2018\/08\/Y\u0131kama-Tamburu-300x225.jpg 300w, https:\/\/cimpro.com.tr\/wp-content\/uploads\/2018\/08\/Y\u0131kama-Tamburu-768x576.jpg 768w, https:\/\/cimpro.com.tr\/wp-content\/uploads\/2018\/08\/Y\u0131kama-Tamburu.jpg 1920w\" sizes=\"(max-width: 1024px) 100vw, 1024px\" \/><\/a>\n\t\t\t<\/dt><\/dl><dl class='gallery-item'>\n\t\t\t<dt class='gallery-icon landscape'>\n\t\t\t\t<a href='https:\/\/cimpro.com.tr\/wp-content\/uploads\/2018\/08\/Y\u0131kama-Tamburu-Revizyonu.jpg'><img loading=\"lazy\" decoding=\"async\" width=\"1024\" height=\"768\" src=\"https:\/\/cimpro.com.tr\/wp-content\/uploads\/2018\/08\/Y\u0131kama-Tamburu-Revizyonu-1024x768.jpg\" class=\"attachment-large size-large\" alt=\"\" srcset=\"https:\/\/cimpro.com.tr\/wp-content\/uploads\/2018\/08\/Y\u0131kama-Tamburu-Revizyonu-1024x768.jpg 1024w, https:\/\/cimpro.com.tr\/wp-content\/uploads\/2018\/08\/Y\u0131kama-Tamburu-Revizyonu-300x225.jpg 300w, https:\/\/cimpro.com.tr\/wp-content\/uploads\/2018\/08\/Y\u0131kama-Tamburu-Revizyonu-768x576.jpg 768w, https:\/\/cimpro.com.tr\/wp-content\/uploads\/2018\/08\/Y\u0131kama-Tamburu-Revizyonu.jpg 1920w\" sizes=\"(max-width: 1024px) 100vw, 1024px\" \/><\/a>\n\t\t\t<\/dt><\/dl><dl class='gallery-item'>\n\t\t\t<dt class='gallery-icon landscape'>\n\t\t\t\t<a href='https:\/\/cimpro.com.tr\/wp-content\/uploads\/2018\/08\/Y\u0131kama-Tamburu-Reglaj-ayar\u0131.jpg'><img loading=\"lazy\" decoding=\"async\" width=\"1024\" height=\"768\" src=\"https:\/\/cimpro.com.tr\/wp-content\/uploads\/2018\/08\/Y\u0131kama-Tamburu-Reglaj-ayar\u0131-1024x768.jpg\" class=\"attachment-large size-large\" alt=\"\" srcset=\"https:\/\/cimpro.com.tr\/wp-content\/uploads\/2018\/08\/Y\u0131kama-Tamburu-Reglaj-ayar\u0131-1024x768.jpg 1024w, https:\/\/cimpro.com.tr\/wp-content\/uploads\/2018\/08\/Y\u0131kama-Tamburu-Reglaj-ayar\u0131-300x225.jpg 300w, https:\/\/cimpro.com.tr\/wp-content\/uploads\/2018\/08\/Y\u0131kama-Tamburu-Reglaj-ayar\u0131-768x576.jpg 768w, https:\/\/cimpro.com.tr\/wp-content\/uploads\/2018\/08\/Y\u0131kama-Tamburu-Reglaj-ayar\u0131.jpg 1920w\" sizes=\"(max-width: 1024px) 100vw, 1024px\" \/><\/a>\n\t\t\t<\/dt><\/dl><br style=\"clear: both\" \/><dl class='gallery-item'>\n\t\t\t<dt class='gallery-icon landscape'>\n\t\t\t\t<a href='https:\/\/cimpro.com.tr\/wp-content\/uploads\/2018\/08\/\u015eeker-Filtre-Kilit-Mekan\u0131zmas\u0131.jpg'><img loading=\"lazy\" decoding=\"async\" width=\"1024\" height=\"683\" src=\"https:\/\/cimpro.com.tr\/wp-content\/uploads\/2018\/08\/\u015eeker-Filtre-Kilit-Mekan\u0131zmas\u0131-1024x683.jpg\" class=\"attachment-large size-large\" alt=\"\" srcset=\"https:\/\/cimpro.com.tr\/wp-content\/uploads\/2018\/08\/\u015eeker-Filtre-Kilit-Mekan\u0131zmas\u0131-1024x683.jpg 1024w, https:\/\/cimpro.com.tr\/wp-content\/uploads\/2018\/08\/\u015eeker-Filtre-Kilit-Mekan\u0131zmas\u0131-300x200.jpg 300w, https:\/\/cimpro.com.tr\/wp-content\/uploads\/2018\/08\/\u015eeker-Filtre-Kilit-Mekan\u0131zmas\u0131-768x512.jpg 768w, https:\/\/cimpro.com.tr\/wp-content\/uploads\/2018\/08\/\u015eeker-Filtre-Kilit-Mekan\u0131zmas\u0131.jpg 1920w\" sizes=\"(max-width: 1024px) 100vw, 1024px\" \/><\/a>\n\t\t\t<\/dt><\/dl><dl class='gallery-item'>\n\t\t\t<dt class='gallery-icon landscape'>\n\t\t\t\t<a href='https:\/\/cimpro.com.tr\/wp-content\/uploads\/2018\/08\/\u00c7amur-S\u0131y\u0131r\u0131c\u0131.jpg'><img loading=\"lazy\" decoding=\"async\" width=\"1024\" height=\"768\" src=\"https:\/\/cimpro.com.tr\/wp-content\/uploads\/2018\/08\/\u00c7amur-S\u0131y\u0131r\u0131c\u0131-1024x768.jpg\" class=\"attachment-large size-large\" alt=\"\" srcset=\"https:\/\/cimpro.com.tr\/wp-content\/uploads\/2018\/08\/\u00c7amur-S\u0131y\u0131r\u0131c\u0131-1024x768.jpg 1024w, https:\/\/cimpro.com.tr\/wp-content\/uploads\/2018\/08\/\u00c7amur-S\u0131y\u0131r\u0131c\u0131-300x225.jpg 300w, https:\/\/cimpro.com.tr\/wp-content\/uploads\/2018\/08\/\u00c7amur-S\u0131y\u0131r\u0131c\u0131-768x576.jpg 768w, https:\/\/cimpro.com.tr\/wp-content\/uploads\/2018\/08\/\u00c7amur-S\u0131y\u0131r\u0131c\u0131.jpg 1920w\" sizes=\"(max-width: 1024px) 100vw, 1024px\" \/><\/a>\n\t\t\t<\/dt><\/dl><dl class='gallery-item'>\n\t\t\t<dt class='gallery-icon landscape'>\n\t\t\t\t<a href='https:\/\/cimpro.com.tr\/wp-content\/uploads\/2018\/08\/\u00c7amur-S\u0131y\u0131r\u0131c\u0131-Sevk.jpg'><img loading=\"lazy\" decoding=\"async\" width=\"1024\" height=\"684\" src=\"https:\/\/cimpro.com.tr\/wp-content\/uploads\/2018\/08\/\u00c7amur-S\u0131y\u0131r\u0131c\u0131-Sevk-1024x684.jpg\" class=\"attachment-large size-large\" alt=\"\" srcset=\"https:\/\/cimpro.com.tr\/wp-content\/uploads\/2018\/08\/\u00c7amur-S\u0131y\u0131r\u0131c\u0131-Sevk-1024x684.jpg 1024w, https:\/\/cimpro.com.tr\/wp-content\/uploads\/2018\/08\/\u00c7amur-S\u0131y\u0131r\u0131c\u0131-Sevk-300x200.jpg 300w, https:\/\/cimpro.com.tr\/wp-content\/uploads\/2018\/08\/\u00c7amur-S\u0131y\u0131r\u0131c\u0131-Sevk-768x513.jpg 768w, https:\/\/cimpro.com.tr\/wp-content\/uploads\/2018\/08\/\u00c7amur-S\u0131y\u0131r\u0131c\u0131-Sevk.jpg 1920w\" sizes=\"(max-width: 1024px) 100vw, 1024px\" \/><\/a>\n\t\t\t<\/dt><\/dl><br style=\"clear: both\" \/><dl class='gallery-item'>\n\t\t\t<dt class='gallery-icon landscape'>\n\t\t\t\t<a href='https:\/\/cimpro.com.tr\/wp-content\/uploads\/2018\/08\/\u015eeker-Pancar\u0131-Bo\u015faltma-Revizyonu.jpg'><img loading=\"lazy\" decoding=\"async\" width=\"1024\" height=\"684\" src=\"https:\/\/cimpro.com.tr\/wp-content\/uploads\/2018\/08\/\u015eeker-Pancar\u0131-Bo\u015faltma-Revizyonu-1024x684.jpg\" class=\"attachment-large size-large\" alt=\"\" srcset=\"https:\/\/cimpro.com.tr\/wp-content\/uploads\/2018\/08\/\u015eeker-Pancar\u0131-Bo\u015faltma-Revizyonu-1024x684.jpg 1024w, https:\/\/cimpro.com.tr\/wp-content\/uploads\/2018\/08\/\u015eeker-Pancar\u0131-Bo\u015faltma-Revizyonu-300x200.jpg 300w, https:\/\/cimpro.com.tr\/wp-content\/uploads\/2018\/08\/\u015eeker-Pancar\u0131-Bo\u015faltma-Revizyonu-768x513.jpg 768w, https:\/\/cimpro.com.tr\/wp-content\/uploads\/2018\/08\/\u015eeker-Pancar\u0131-Bo\u015faltma-Revizyonu.jpg 1920w\" sizes=\"(max-width: 1024px) 100vw, 1024px\" \/><\/a>\n\t\t\t<\/dt><\/dl><dl class='gallery-item'>\n\t\t\t<dt class='gallery-icon landscape'>\n\t\t\t\t<a href='https:\/\/cimpro.com.tr\/wp-content\/uploads\/2018\/08\/\u00c7amur-S\u0131y\u0131r\u0131c\u0131-Montaj.jpg'><img loading=\"lazy\" decoding=\"async\" width=\"1024\" height=\"684\" src=\"https:\/\/cimpro.com.tr\/wp-content\/uploads\/2018\/08\/\u00c7amur-S\u0131y\u0131r\u0131c\u0131-Montaj-1024x684.jpg\" class=\"attachment-large size-large\" alt=\"\" srcset=\"https:\/\/cimpro.com.tr\/wp-content\/uploads\/2018\/08\/\u00c7amur-S\u0131y\u0131r\u0131c\u0131-Montaj-1024x684.jpg 1024w, https:\/\/cimpro.com.tr\/wp-content\/uploads\/2018\/08\/\u00c7amur-S\u0131y\u0131r\u0131c\u0131-Montaj-300x200.jpg 300w, https:\/\/cimpro.com.tr\/wp-content\/uploads\/2018\/08\/\u00c7amur-S\u0131y\u0131r\u0131c\u0131-Montaj-768x513.jpg 768w, https:\/\/cimpro.com.tr\/wp-content\/uploads\/2018\/08\/\u00c7amur-S\u0131y\u0131r\u0131c\u0131-Montaj.jpg 1920w\" sizes=\"(max-width: 1024px) 100vw, 1024px\" \/><\/a>\n\t\t\t<\/dt><\/dl><dl class='gallery-item'>\n\t\t\t<dt class='gallery-icon landscape'>\n\t\t\t\t<a href='https:\/\/cimpro.com.tr\/wp-content\/uploads\/2018\/08\/\u00c7amur-S\u0131y\u0131r\u0131c\u0131-Montaj-2.jpg'><img loading=\"lazy\" decoding=\"async\" width=\"1024\" height=\"684\" src=\"https:\/\/cimpro.com.tr\/wp-content\/uploads\/2018\/08\/\u00c7amur-S\u0131y\u0131r\u0131c\u0131-Montaj-2-1024x684.jpg\" class=\"attachment-large size-large\" alt=\"\" srcset=\"https:\/\/cimpro.com.tr\/wp-content\/uploads\/2018\/08\/\u00c7amur-S\u0131y\u0131r\u0131c\u0131-Montaj-2-1024x684.jpg 1024w, https:\/\/cimpro.com.tr\/wp-content\/uploads\/2018\/08\/\u00c7amur-S\u0131y\u0131r\u0131c\u0131-Montaj-2-300x200.jpg 300w, https:\/\/cimpro.com.tr\/wp-content\/uploads\/2018\/08\/\u00c7amur-S\u0131y\u0131r\u0131c\u0131-Montaj-2-768x513.jpg 768w, https:\/\/cimpro.com.tr\/wp-content\/uploads\/2018\/08\/\u00c7amur-S\u0131y\u0131r\u0131c\u0131-Montaj-2.jpg 1920w\" sizes=\"(max-width: 1024px) 100vw, 1024px\" \/><\/a>\n\t\t\t<\/dt><\/dl><br style=\"clear: both\" \/><dl class='gallery-item'>\n\t\t\t<dt class='gallery-icon portrait'>\n\t\t\t\t<a href='https:\/\/cimpro.com.tr\/wp-content\/uploads\/2018\/08\/\u00c7amur-S\u0131y\u0131r\u0131c\u0131-Montaj-3.jpg'><img loading=\"lazy\" decoding=\"async\" width=\"684\" height=\"1024\" src=\"https:\/\/cimpro.com.tr\/wp-content\/uploads\/2018\/08\/\u00c7amur-S\u0131y\u0131r\u0131c\u0131-Montaj-3-684x1024.jpg\" class=\"attachment-large size-large\" alt=\"\" srcset=\"https:\/\/cimpro.com.tr\/wp-content\/uploads\/2018\/08\/\u00c7amur-S\u0131y\u0131r\u0131c\u0131-Montaj-3-684x1024.jpg 684w, https:\/\/cimpro.com.tr\/wp-content\/uploads\/2018\/08\/\u00c7amur-S\u0131y\u0131r\u0131c\u0131-Montaj-3-200x300.jpg 200w, https:\/\/cimpro.com.tr\/wp-content\/uploads\/2018\/08\/\u00c7amur-S\u0131y\u0131r\u0131c\u0131-Montaj-3-768x1150.jpg 768w, https:\/\/cimpro.com.tr\/wp-content\/uploads\/2018\/08\/\u00c7amur-S\u0131y\u0131r\u0131c\u0131-Montaj-3.jpg 1282w\" sizes=\"(max-width: 684px) 100vw, 684px\" \/><\/a>\n\t\t\t<\/dt><\/dl>\n\t\t\t<br style='clear: both' \/>\n\t\t<\/div>\n\n","protected":false},"excerpt":{"rendered":"","protected":false},"author":1,"featured_media":148,"parent":0,"menu_order":0,"comment_status":"closed","ping_status":"closed","template":"","meta":{"footnotes":""},"aioseo_notices":[],"_links":{"self":[{"href":"https:\/\/cimpro.com.tr\/index.php?rest_route=\/wp\/v2\/pages\/81"}],"collection":[{"href":"https:\/\/cimpro.com.tr\/index.php?rest_route=\/wp\/v2\/pages"}],"about":[{"href":"https:\/\/cimpro.com.tr\/index.php?rest_route=\/wp\/v2\/types\/page"}],"author":[{"embeddable":true,"href":"https:\/\/cimpro.com.tr\/index.php?rest_route=\/wp\/v2\/users\/1"}],"replies":[{"embeddable":true,"href":"https:\/\/cimpro.com.tr\/index.php?rest_route=%2Fwp%2Fv2%2Fcomments&post=81"}],"version-history":[{"count":3,"href":"https:\/\/cimpro.com.tr\/index.php?rest_route=\/wp\/v2\/pages\/81\/revisions"}],"predecessor-version":[{"id":345,"href":"https:\/\/cimpro.com.tr\/index.php?rest_route=\/wp\/v2\/pages\/81\/revisions\/345"}],"wp:featuredmedia":[{"embeddable":true,"href":"https:\/\/cimpro.com.tr\/index.php?rest_route=\/wp\/v2\/media\/148"}],"wp:attachment":[{"href":"https:\/\/cimpro.com.tr\/index.php?rest_route=%2Fwp%2Fv2%2Fmedia&parent=81"}],"curies":[{"name":"wp","href":"https:\/\/api.w.org\/{rel}","templated":true}]}}