{"id":75,"date":"2018-05-24T09:25:05","date_gmt":"2018-05-24T06:25:05","guid":{"rendered":"http:\/\/cimpro.com.tr\/?page_id=75"},"modified":"2019-03-07T14:59:14","modified_gmt":"2019-03-07T12:59:14","slug":"cimento-sanayi","status":"publish","type":"page","link":"https:\/\/cimpro.com.tr\/?page_id=75","title":{"rendered":"\u00c7imento Sanayi"},"content":{"rendered":"<div id='gallery-1' class='gallery galleryid-75 gallery-columns-3 gallery-size-medium'><dl class='gallery-item'>\n\t\t\t<dt class='gallery-icon landscape'>\n\t\t\t\t<a href='https:\/\/cimpro.com.tr\/wp-content\/uploads\/2018\/07\/Teleskopik-Y\u00fckleme-Band\u0131.jpg'><img loading=\"lazy\" decoding=\"async\" width=\"300\" height=\"200\" src=\"https:\/\/cimpro.com.tr\/wp-content\/uploads\/2018\/07\/Teleskopik-Y\u00fckleme-Band\u0131-300x200.jpg\" class=\"attachment-medium size-medium\" alt=\"\" srcset=\"https:\/\/cimpro.com.tr\/wp-content\/uploads\/2018\/07\/Teleskopik-Y\u00fckleme-Band\u0131-300x200.jpg 300w, https:\/\/cimpro.com.tr\/wp-content\/uploads\/2018\/07\/Teleskopik-Y\u00fckleme-Band\u0131-768x512.jpg 768w, https:\/\/cimpro.com.tr\/wp-content\/uploads\/2018\/07\/Teleskopik-Y\u00fckleme-Band\u0131-1024x683.jpg 1024w, https:\/\/cimpro.com.tr\/wp-content\/uploads\/2018\/07\/Teleskopik-Y\u00fckleme-Band\u0131.jpg 1200w\" sizes=\"(max-width: 300px) 100vw, 300px\" \/><\/a>\n\t\t\t<\/dt><\/dl><dl class='gallery-item'>\n\t\t\t<dt class='gallery-icon landscape'>\n\t\t\t\t<a href='https:\/\/cimpro.com.tr\/wp-content\/uploads\/2018\/07\/Silobas-Platformu-Bolu.jpg'><img loading=\"lazy\" decoding=\"async\" width=\"300\" height=\"169\" src=\"https:\/\/cimpro.com.tr\/wp-content\/uploads\/2018\/07\/Silobas-Platformu-Bolu-300x169.jpg\" class=\"attachment-medium size-medium\" alt=\"\" srcset=\"https:\/\/cimpro.com.tr\/wp-content\/uploads\/2018\/07\/Silobas-Platformu-Bolu-300x169.jpg 300w, https:\/\/cimpro.com.tr\/wp-content\/uploads\/2018\/07\/Silobas-Platformu-Bolu-768x432.jpg 768w, https:\/\/cimpro.com.tr\/wp-content\/uploads\/2018\/07\/Silobas-Platformu-Bolu-1024x576.jpg 1024w, https:\/\/cimpro.com.tr\/wp-content\/uploads\/2018\/07\/Silobas-Platformu-Bolu.jpg 1040w\" sizes=\"(max-width: 300px) 100vw, 300px\" \/><\/a>\n\t\t\t<\/dt><\/dl><dl class='gallery-item'>\n\t\t\t<dt class='gallery-icon landscape'>\n\t\t\t\t<a href='https:\/\/cimpro.com.tr\/wp-content\/uploads\/2018\/07\/Silobas-Platform.jpg'><img loading=\"lazy\" decoding=\"async\" width=\"300\" height=\"200\" src=\"https:\/\/cimpro.com.tr\/wp-content\/uploads\/2018\/07\/Silobas-Platform-300x200.jpg\" class=\"attachment-medium size-medium\" alt=\"\" srcset=\"https:\/\/cimpro.com.tr\/wp-content\/uploads\/2018\/07\/Silobas-Platform-300x200.jpg 300w, https:\/\/cimpro.com.tr\/wp-content\/uploads\/2018\/07\/Silobas-Platform-768x513.jpg 768w, https:\/\/cimpro.com.tr\/wp-content\/uploads\/2018\/07\/Silobas-Platform-1024x684.jpg 1024w, https:\/\/cimpro.com.tr\/wp-content\/uploads\/2018\/07\/Silobas-Platform.jpg 1980w\" sizes=\"(max-width: 300px) 100vw, 300px\" \/><\/a>\n\t\t\t<\/dt><\/dl><br style=\"clear: both\" \/><dl class='gallery-item'>\n\t\t\t<dt class='gallery-icon landscape'>\n\t\t\t\t<a href='https:\/\/cimpro.com.tr\/wp-content\/uploads\/2018\/07\/Silobas-Platfomu-\u00c7orum.jpg'><img loading=\"lazy\" decoding=\"async\" width=\"300\" height=\"200\" src=\"https:\/\/cimpro.com.tr\/wp-content\/uploads\/2018\/07\/Silobas-Platfomu-\u00c7orum-300x200.jpg\" class=\"attachment-medium size-medium\" alt=\"\" srcset=\"https:\/\/cimpro.com.tr\/wp-content\/uploads\/2018\/07\/Silobas-Platfomu-\u00c7orum-300x200.jpg 300w, https:\/\/cimpro.com.tr\/wp-content\/uploads\/2018\/07\/Silobas-Platfomu-\u00c7orum-768x513.jpg 768w, https:\/\/cimpro.com.tr\/wp-content\/uploads\/2018\/07\/Silobas-Platfomu-\u00c7orum-1024x684.jpg 1024w, https:\/\/cimpro.com.tr\/wp-content\/uploads\/2018\/07\/Silobas-Platfomu-\u00c7orum.jpg 1980w\" sizes=\"(max-width: 300px) 100vw, 300px\" \/><\/a>\n\t\t\t<\/dt><\/dl><dl class='gallery-item'>\n\t\t\t<dt class='gallery-icon landscape'>\n\t\t\t\t<a href='https:\/\/cimpro.com.tr\/wp-content\/uploads\/2018\/07\/Sevk-Helezonlar\u0131.jpg'><img loading=\"lazy\" decoding=\"async\" width=\"300\" height=\"200\" src=\"https:\/\/cimpro.com.tr\/wp-content\/uploads\/2018\/07\/Sevk-Helezonlar\u0131-300x200.jpg\" class=\"attachment-medium size-medium\" alt=\"\" srcset=\"https:\/\/cimpro.com.tr\/wp-content\/uploads\/2018\/07\/Sevk-Helezonlar\u0131-300x200.jpg 300w, https:\/\/cimpro.com.tr\/wp-content\/uploads\/2018\/07\/Sevk-Helezonlar\u0131-768x512.jpg 768w, https:\/\/cimpro.com.tr\/wp-content\/uploads\/2018\/07\/Sevk-Helezonlar\u0131-1024x683.jpg 1024w, https:\/\/cimpro.com.tr\/wp-content\/uploads\/2018\/07\/Sevk-Helezonlar\u0131.jpg 1980w\" sizes=\"(max-width: 300px) 100vw, 300px\" \/><\/a>\n\t\t\t<\/dt><\/dl><dl class='gallery-item'>\n\t\t\t<dt class='gallery-icon landscape'>\n\t\t\t\t<a href='https:\/\/cimpro.com.tr\/wp-content\/uploads\/2018\/07\/Salg\u0131-ve-Reglaj-\u00d6l\u00e7\u00fcm\u00fc.jpg'><img loading=\"lazy\" decoding=\"async\" width=\"300\" height=\"200\" src=\"https:\/\/cimpro.com.tr\/wp-content\/uploads\/2018\/07\/Salg\u0131-ve-Reglaj-\u00d6l\u00e7\u00fcm\u00fc-300x200.jpg\" class=\"attachment-medium size-medium\" alt=\"\" srcset=\"https:\/\/cimpro.com.tr\/wp-content\/uploads\/2018\/07\/Salg\u0131-ve-Reglaj-\u00d6l\u00e7\u00fcm\u00fc-300x200.jpg 300w, https:\/\/cimpro.com.tr\/wp-content\/uploads\/2018\/07\/Salg\u0131-ve-Reglaj-\u00d6l\u00e7\u00fcm\u00fc-768x512.jpg 768w, https:\/\/cimpro.com.tr\/wp-content\/uploads\/2018\/07\/Salg\u0131-ve-Reglaj-\u00d6l\u00e7\u00fcm\u00fc-1024x683.jpg 1024w, https:\/\/cimpro.com.tr\/wp-content\/uploads\/2018\/07\/Salg\u0131-ve-Reglaj-\u00d6l\u00e7\u00fcm\u00fc.jpg 1980w\" sizes=\"(max-width: 300px) 100vw, 300px\" \/><\/a>\n\t\t\t<\/dt><\/dl><br style=\"clear: both\" \/><dl class='gallery-item'>\n\t\t\t<dt class='gallery-icon landscape'>\n\t\t\t\t<a href='https:\/\/cimpro.com.tr\/wp-content\/uploads\/2018\/07\/Reglaj-Ayar\u0131.jpg'><img loading=\"lazy\" decoding=\"async\" width=\"300\" height=\"225\" src=\"https:\/\/cimpro.com.tr\/wp-content\/uploads\/2018\/07\/Reglaj-Ayar\u0131-300x225.jpg\" class=\"attachment-medium size-medium\" alt=\"\" srcset=\"https:\/\/cimpro.com.tr\/wp-content\/uploads\/2018\/07\/Reglaj-Ayar\u0131-300x225.jpg 300w, https:\/\/cimpro.com.tr\/wp-content\/uploads\/2018\/07\/Reglaj-Ayar\u0131-768x576.jpg 768w, https:\/\/cimpro.com.tr\/wp-content\/uploads\/2018\/07\/Reglaj-Ayar\u0131-1024x768.jpg 1024w, https:\/\/cimpro.com.tr\/wp-content\/uploads\/2018\/07\/Reglaj-Ayar\u0131.jpg 1980w\" sizes=\"(max-width: 300px) 100vw, 300px\" \/><\/a>\n\t\t\t<\/dt><\/dl><dl class='gallery-item'>\n\t\t\t<dt class='gallery-icon portrait'>\n\t\t\t\t<a href='https:\/\/cimpro.com.tr\/wp-content\/uploads\/2018\/07\/Reclaimer-Tekeri.jpg'><img loading=\"lazy\" decoding=\"async\" width=\"225\" height=\"300\" src=\"https:\/\/cimpro.com.tr\/wp-content\/uploads\/2018\/07\/Reclaimer-Tekeri-225x300.jpg\" class=\"attachment-medium size-medium\" alt=\"\" srcset=\"https:\/\/cimpro.com.tr\/wp-content\/uploads\/2018\/07\/Reclaimer-Tekeri-225x300.jpg 225w, https:\/\/cimpro.com.tr\/wp-content\/uploads\/2018\/07\/Reclaimer-Tekeri-768x1024.jpg 768w, https:\/\/cimpro.com.tr\/wp-content\/uploads\/2018\/07\/Reclaimer-Tekeri.jpg 1485w\" sizes=\"(max-width: 225px) 100vw, 225px\" \/><\/a>\n\t\t\t<\/dt><\/dl><dl class='gallery-item'>\n\t\t\t<dt class='gallery-icon portrait'>\n\t\t\t\t<a href='https:\/\/cimpro.com.tr\/wp-content\/uploads\/2018\/07\/Manto-Revizyonu.jpg'><img loading=\"lazy\" decoding=\"async\" width=\"225\" height=\"300\" src=\"https:\/\/cimpro.com.tr\/wp-content\/uploads\/2018\/07\/Manto-Revizyonu-225x300.jpg\" class=\"attachment-medium size-medium\" alt=\"\" srcset=\"https:\/\/cimpro.com.tr\/wp-content\/uploads\/2018\/07\/Manto-Revizyonu-225x300.jpg 225w, https:\/\/cimpro.com.tr\/wp-content\/uploads\/2018\/07\/Manto-Revizyonu-768x1024.jpg 768w, https:\/\/cimpro.com.tr\/wp-content\/uploads\/2018\/07\/Manto-Revizyonu.jpg 1485w\" sizes=\"(max-width: 225px) 100vw, 225px\" \/><\/a>\n\t\t\t<\/dt><\/dl><br style=\"clear: both\" \/><dl class='gallery-item'>\n\t\t\t<dt class='gallery-icon landscape'>\n\t\t\t\t<a href='https:\/\/cimpro.com.tr\/wp-content\/uploads\/2018\/07\/konveyor-bant-muhafazalar\u01311.jpg'><img loading=\"lazy\" decoding=\"async\" width=\"300\" height=\"225\" src=\"https:\/\/cimpro.com.tr\/wp-content\/uploads\/2018\/07\/konveyor-bant-muhafazalar\u01311-300x225.jpg\" class=\"attachment-medium size-medium\" alt=\"\" srcset=\"https:\/\/cimpro.com.tr\/wp-content\/uploads\/2018\/07\/konveyor-bant-muhafazalar\u01311-300x225.jpg 300w, https:\/\/cimpro.com.tr\/wp-content\/uploads\/2018\/07\/konveyor-bant-muhafazalar\u01311-768x576.jpg 768w, https:\/\/cimpro.com.tr\/wp-content\/uploads\/2018\/07\/konveyor-bant-muhafazalar\u01311-1024x768.jpg 1024w, https:\/\/cimpro.com.tr\/wp-content\/uploads\/2018\/07\/konveyor-bant-muhafazalar\u01311.jpg 1980w\" sizes=\"(max-width: 300px) 100vw, 300px\" \/><\/a>\n\t\t\t<\/dt><\/dl><dl class='gallery-item'>\n\t\t\t<dt class='gallery-icon landscape'>\n\t\t\t\t<a href='https:\/\/cimpro.com.tr\/wp-content\/uploads\/2018\/07\/konveyor-bant-muhafazalar\u0131.jpg'><img loading=\"lazy\" decoding=\"async\" width=\"300\" height=\"225\" src=\"https:\/\/cimpro.com.tr\/wp-content\/uploads\/2018\/07\/konveyor-bant-muhafazalar\u0131-300x225.jpg\" class=\"attachment-medium size-medium\" alt=\"\" srcset=\"https:\/\/cimpro.com.tr\/wp-content\/uploads\/2018\/07\/konveyor-bant-muhafazalar\u0131-300x225.jpg 300w, https:\/\/cimpro.com.tr\/wp-content\/uploads\/2018\/07\/konveyor-bant-muhafazalar\u0131-768x576.jpg 768w, https:\/\/cimpro.com.tr\/wp-content\/uploads\/2018\/07\/konveyor-bant-muhafazalar\u0131-1024x768.jpg 1024w, https:\/\/cimpro.com.tr\/wp-content\/uploads\/2018\/07\/konveyor-bant-muhafazalar\u0131.jpg 1980w\" sizes=\"(max-width: 300px) 100vw, 300px\" \/><\/a>\n\t\t\t<\/dt><\/dl><dl class='gallery-item'>\n\t\t\t<dt class='gallery-icon landscape'>\n\t\t\t\t<a href='https:\/\/cimpro.com.tr\/wp-content\/uploads\/2018\/07\/Helezonlar.jpg'><img loading=\"lazy\" decoding=\"async\" width=\"300\" height=\"200\" src=\"https:\/\/cimpro.com.tr\/wp-content\/uploads\/2018\/07\/Helezonlar-300x200.jpg\" class=\"attachment-medium size-medium\" alt=\"\" srcset=\"https:\/\/cimpro.com.tr\/wp-content\/uploads\/2018\/07\/Helezonlar-300x200.jpg 300w, https:\/\/cimpro.com.tr\/wp-content\/uploads\/2018\/07\/Helezonlar-768x512.jpg 768w, https:\/\/cimpro.com.tr\/wp-content\/uploads\/2018\/07\/Helezonlar-1024x683.jpg 1024w, https:\/\/cimpro.com.tr\/wp-content\/uploads\/2018\/07\/Helezonlar.jpg 1980w\" sizes=\"(max-width: 300px) 100vw, 300px\" \/><\/a>\n\t\t\t<\/dt><\/dl><br style=\"clear: both\" \/><dl class='gallery-item'>\n\t\t\t<dt class='gallery-icon landscape'>\n\t\t\t\t<a href='https:\/\/cimpro.com.tr\/wp-content\/uploads\/2018\/07\/Elevat\u00f6r-Kovalar\u0131.jpg'><img loading=\"lazy\" decoding=\"async\" width=\"300\" height=\"225\" src=\"https:\/\/cimpro.com.tr\/wp-content\/uploads\/2018\/07\/Elevat\u00f6r-Kovalar\u0131-300x225.jpg\" class=\"attachment-medium size-medium\" alt=\"\" srcset=\"https:\/\/cimpro.com.tr\/wp-content\/uploads\/2018\/07\/Elevat\u00f6r-Kovalar\u0131-300x225.jpg 300w, https:\/\/cimpro.com.tr\/wp-content\/uploads\/2018\/07\/Elevat\u00f6r-Kovalar\u0131-768x576.jpg 768w, https:\/\/cimpro.com.tr\/wp-content\/uploads\/2018\/07\/Elevat\u00f6r-Kovalar\u0131-1024x768.jpg 1024w, https:\/\/cimpro.com.tr\/wp-content\/uploads\/2018\/07\/Elevat\u00f6r-Kovalar\u0131.jpg 1067w\" sizes=\"(max-width: 300px) 100vw, 300px\" \/><\/a>\n\t\t\t<\/dt><\/dl><dl class='gallery-item'>\n\t\t\t<dt class='gallery-icon landscape'>\n\t\t\t\t<a href='https:\/\/cimpro.com.tr\/wp-content\/uploads\/2018\/07\/D\u00f6ner-F\u0131r\u0131n-Revizyonlar\u0131.jpg'><img loading=\"lazy\" decoding=\"async\" width=\"300\" height=\"225\" src=\"https:\/\/cimpro.com.tr\/wp-content\/uploads\/2018\/07\/D\u00f6ner-F\u0131r\u0131n-Revizyonlar\u0131-300x225.jpg\" class=\"attachment-medium size-medium\" alt=\"\" srcset=\"https:\/\/cimpro.com.tr\/wp-content\/uploads\/2018\/07\/D\u00f6ner-F\u0131r\u0131n-Revizyonlar\u0131-300x225.jpg 300w, https:\/\/cimpro.com.tr\/wp-content\/uploads\/2018\/07\/D\u00f6ner-F\u0131r\u0131n-Revizyonlar\u0131-768x576.jpg 768w, https:\/\/cimpro.com.tr\/wp-content\/uploads\/2018\/07\/D\u00f6ner-F\u0131r\u0131n-Revizyonlar\u0131-1024x768.jpg 1024w, https:\/\/cimpro.com.tr\/wp-content\/uploads\/2018\/07\/D\u00f6ner-F\u0131r\u0131n-Revizyonlar\u0131.jpg 1067w\" sizes=\"(max-width: 300px) 100vw, 300px\" \/><\/a>\n\t\t\t<\/dt><\/dl><dl class='gallery-item'>\n\t\t\t<dt class='gallery-icon landscape'>\n\t\t\t\t<a href='https:\/\/cimpro.com.tr\/wp-content\/uploads\/2018\/07\/Demontaj-\u0130\u015fleri.jpg'><img loading=\"lazy\" decoding=\"async\" width=\"300\" height=\"200\" src=\"https:\/\/cimpro.com.tr\/wp-content\/uploads\/2018\/07\/Demontaj-\u0130\u015fleri-300x200.jpg\" class=\"attachment-medium size-medium\" alt=\"\" srcset=\"https:\/\/cimpro.com.tr\/wp-content\/uploads\/2018\/07\/Demontaj-\u0130\u015fleri-300x200.jpg 300w, https:\/\/cimpro.com.tr\/wp-content\/uploads\/2018\/07\/Demontaj-\u0130\u015fleri-768x513.jpg 768w, https:\/\/cimpro.com.tr\/wp-content\/uploads\/2018\/07\/Demontaj-\u0130\u015fleri-1024x684.jpg 1024w, https:\/\/cimpro.com.tr\/wp-content\/uploads\/2018\/07\/Demontaj-\u0130\u015fleri.jpg 1600w\" sizes=\"(max-width: 300px) 100vw, 300px\" \/><\/a>\n\t\t\t<\/dt><\/dl><br style=\"clear: both\" \/><dl class='gallery-item'>\n\t\t\t<dt class='gallery-icon portrait'>\n\t\t\t\t<a href='https:\/\/cimpro.com.tr\/wp-content\/uploads\/2018\/07\/De\u011firmen-Arab\u00f6lme-Plakalar\u0131.jpg'><img loading=\"lazy\" decoding=\"async\" width=\"225\" height=\"300\" src=\"https:\/\/cimpro.com.tr\/wp-content\/uploads\/2018\/07\/De\u011firmen-Arab\u00f6lme-Plakalar\u0131-225x300.jpg\" class=\"attachment-medium size-medium\" alt=\"\" srcset=\"https:\/\/cimpro.com.tr\/wp-content\/uploads\/2018\/07\/De\u011firmen-Arab\u00f6lme-Plakalar\u0131-225x300.jpg 225w, https:\/\/cimpro.com.tr\/wp-content\/uploads\/2018\/07\/De\u011firmen-Arab\u00f6lme-Plakalar\u0131-768x1024.jpg 768w, https:\/\/cimpro.com.tr\/wp-content\/uploads\/2018\/07\/De\u011firmen-Arab\u00f6lme-Plakalar\u0131.jpg 1485w\" sizes=\"(max-width: 225px) 100vw, 225px\" \/><\/a>\n\t\t\t<\/dt><\/dl><dl class='gallery-item'>\n\t\t\t<dt class='gallery-icon portrait'>\n\t\t\t\t<a href='https:\/\/cimpro.com.tr\/wp-content\/uploads\/2018\/07\/De\u011firmen-Arab\u00f6lme-K\u00fcrekleri.jpg'><img loading=\"lazy\" decoding=\"async\" width=\"225\" height=\"300\" src=\"https:\/\/cimpro.com.tr\/wp-content\/uploads\/2018\/07\/De\u011firmen-Arab\u00f6lme-K\u00fcrekleri-225x300.jpg\" class=\"attachment-medium size-medium\" alt=\"\" srcset=\"https:\/\/cimpro.com.tr\/wp-content\/uploads\/2018\/07\/De\u011firmen-Arab\u00f6lme-K\u00fcrekleri-225x300.jpg 225w, https:\/\/cimpro.com.tr\/wp-content\/uploads\/2018\/07\/De\u011firmen-Arab\u00f6lme-K\u00fcrekleri-768x1024.jpg 768w, https:\/\/cimpro.com.tr\/wp-content\/uploads\/2018\/07\/De\u011firmen-Arab\u00f6lme-K\u00fcrekleri.jpg 1485w\" sizes=\"(max-width: 225px) 100vw, 225px\" \/><\/a>\n\t\t\t<\/dt><\/dl><dl class='gallery-item'>\n\t\t\t<dt class='gallery-icon portrait'>\n\t\t\t\t<a href='https:\/\/cimpro.com.tr\/wp-content\/uploads\/2018\/07\/Bolu-platform.jpeg'><img loading=\"lazy\" decoding=\"async\" width=\"169\" height=\"300\" src=\"https:\/\/cimpro.com.tr\/wp-content\/uploads\/2018\/07\/Bolu-platform-169x300.jpeg\" class=\"attachment-medium size-medium\" alt=\"\" srcset=\"https:\/\/cimpro.com.tr\/wp-content\/uploads\/2018\/07\/Bolu-platform-169x300.jpeg 169w, https:\/\/cimpro.com.tr\/wp-content\/uploads\/2018\/07\/Bolu-platform-576x1024.jpeg 576w, https:\/\/cimpro.com.tr\/wp-content\/uploads\/2018\/07\/Bolu-platform.jpeg 585w\" sizes=\"(max-width: 169px) 100vw, 169px\" \/><\/a>\n\t\t\t<\/dt><\/dl><br style=\"clear: both\" \/><dl class='gallery-item'>\n\t\t\t<dt class='gallery-icon landscape'>\n\t\t\t\t<a href='https:\/\/cimpro.com.tr\/wp-content\/uploads\/2018\/07\/Bant-Kapama.jpg'><img loading=\"lazy\" decoding=\"async\" width=\"300\" height=\"225\" src=\"https:\/\/cimpro.com.tr\/wp-content\/uploads\/2018\/07\/Bant-Kapama-300x225.jpg\" class=\"attachment-medium size-medium\" alt=\"\" srcset=\"https:\/\/cimpro.com.tr\/wp-content\/uploads\/2018\/07\/Bant-Kapama-300x225.jpg 300w, https:\/\/cimpro.com.tr\/wp-content\/uploads\/2018\/07\/Bant-Kapama-768x576.jpg 768w, https:\/\/cimpro.com.tr\/wp-content\/uploads\/2018\/07\/Bant-Kapama.jpg 1000w\" sizes=\"(max-width: 300px) 100vw, 300px\" \/><\/a>\n\t\t\t<\/dt><\/dl><dl class='gallery-item'>\n\t\t\t<dt class='gallery-icon landscape'>\n\t\t\t\t<a href='https:\/\/cimpro.com.tr\/wp-content\/uploads\/2018\/07\/Arab\u00f6lme-Plakalar\u0131.jpg'><img loading=\"lazy\" decoding=\"async\" width=\"300\" height=\"225\" src=\"https:\/\/cimpro.com.tr\/wp-content\/uploads\/2018\/07\/Arab\u00f6lme-Plakalar\u0131-300x225.jpg\" class=\"attachment-medium size-medium\" alt=\"\" srcset=\"https:\/\/cimpro.com.tr\/wp-content\/uploads\/2018\/07\/Arab\u00f6lme-Plakalar\u0131-300x225.jpg 300w, https:\/\/cimpro.com.tr\/wp-content\/uploads\/2018\/07\/Arab\u00f6lme-Plakalar\u0131-768x576.jpg 768w, https:\/\/cimpro.com.tr\/wp-content\/uploads\/2018\/07\/Arab\u00f6lme-Plakalar\u0131-1024x768.jpg 1024w, https:\/\/cimpro.com.tr\/wp-content\/uploads\/2018\/07\/Arab\u00f6lme-Plakalar\u0131.jpg 1067w\" sizes=\"(max-width: 300px) 100vw, 300px\" \/><\/a>\n\t\t\t<\/dt><\/dl><dl class='gallery-item'>\n\t\t\t<dt class='gallery-icon landscape'>\n\t\t\t\t<a href='https:\/\/cimpro.com.tr\/wp-content\/uploads\/2018\/07\/A\u00e7\u0131l\u0131r-Kapan\u0131r-Bant-Kapama-.jpg'><img loading=\"lazy\" decoding=\"async\" width=\"300\" height=\"225\" src=\"https:\/\/cimpro.com.tr\/wp-content\/uploads\/2018\/07\/A\u00e7\u0131l\u0131r-Kapan\u0131r-Bant-Kapama--300x225.jpg\" class=\"attachment-medium size-medium\" alt=\"\" srcset=\"https:\/\/cimpro.com.tr\/wp-content\/uploads\/2018\/07\/A\u00e7\u0131l\u0131r-Kapan\u0131r-Bant-Kapama--300x225.jpg 300w, https:\/\/cimpro.com.tr\/wp-content\/uploads\/2018\/07\/A\u00e7\u0131l\u0131r-Kapan\u0131r-Bant-Kapama--768x576.jpg 768w, https:\/\/cimpro.com.tr\/wp-content\/uploads\/2018\/07\/A\u00e7\u0131l\u0131r-Kapan\u0131r-Bant-Kapama-.jpg 1000w\" sizes=\"(max-width: 300px) 100vw, 300px\" \/><\/a>\n\t\t\t<\/dt><\/dl><br style=\"clear: both\" \/><dl class='gallery-item'>\n\t\t\t<dt class='gallery-icon landscape'>\n\t\t\t\t<a href='https:\/\/cimpro.com.tr\/wp-content\/uploads\/2018\/07\/800-l\u00fck-F\u0131r\u0131n-Besleme-Helezonu.jpg'><img loading=\"lazy\" decoding=\"async\" width=\"300\" height=\"200\" src=\"https:\/\/cimpro.com.tr\/wp-content\/uploads\/2018\/07\/800-l\u00fck-F\u0131r\u0131n-Besleme-Helezonu-300x200.jpg\" class=\"attachment-medium size-medium\" alt=\"\" srcset=\"https:\/\/cimpro.com.tr\/wp-content\/uploads\/2018\/07\/800-l\u00fck-F\u0131r\u0131n-Besleme-Helezonu-300x200.jpg 300w, https:\/\/cimpro.com.tr\/wp-content\/uploads\/2018\/07\/800-l\u00fck-F\u0131r\u0131n-Besleme-Helezonu-768x512.jpg 768w, https:\/\/cimpro.com.tr\/wp-content\/uploads\/2018\/07\/800-l\u00fck-F\u0131r\u0131n-Besleme-Helezonu-1024x683.jpg 1024w, https:\/\/cimpro.com.tr\/wp-content\/uploads\/2018\/07\/800-l\u00fck-F\u0131r\u0131n-Besleme-Helezonu.jpg 1200w\" sizes=\"(max-width: 300px) 100vw, 300px\" \/><\/a>\n\t\t\t<\/dt><\/dl><dl class='gallery-item'>\n\t\t\t<dt class='gallery-icon landscape'>\n\t\t\t\t<a href='https:\/\/cimpro.com.tr\/wp-content\/uploads\/2018\/07\/500-l\u00fck-Hardox-Helezon.jpg'><img loading=\"lazy\" decoding=\"async\" width=\"300\" height=\"200\" src=\"https:\/\/cimpro.com.tr\/wp-content\/uploads\/2018\/07\/500-l\u00fck-Hardox-Helezon-300x200.jpg\" class=\"attachment-medium size-medium\" alt=\"\" srcset=\"https:\/\/cimpro.com.tr\/wp-content\/uploads\/2018\/07\/500-l\u00fck-Hardox-Helezon-300x200.jpg 300w, https:\/\/cimpro.com.tr\/wp-content\/uploads\/2018\/07\/500-l\u00fck-Hardox-Helezon-768x512.jpg 768w, https:\/\/cimpro.com.tr\/wp-content\/uploads\/2018\/07\/500-l\u00fck-Hardox-Helezon-1024x683.jpg 1024w, https:\/\/cimpro.com.tr\/wp-content\/uploads\/2018\/07\/500-l\u00fck-Hardox-Helezon.jpg 1200w\" sizes=\"(max-width: 300px) 100vw, 300px\" \/><\/a>\n\t\t\t<\/dt><\/dl><dl class='gallery-item'>\n\t\t\t<dt class='gallery-icon landscape'>\n\t\t\t\t<a href='https:\/\/cimpro.com.tr\/wp-content\/uploads\/2018\/07\/IMG_20180606_153350.jpg'><img loading=\"lazy\" decoding=\"async\" width=\"300\" height=\"169\" src=\"https:\/\/cimpro.com.tr\/wp-content\/uploads\/2018\/07\/IMG_20180606_153350-300x169.jpg\" class=\"attachment-medium size-medium\" alt=\"\" srcset=\"https:\/\/cimpro.com.tr\/wp-content\/uploads\/2018\/07\/IMG_20180606_153350-300x169.jpg 300w, https:\/\/cimpro.com.tr\/wp-content\/uploads\/2018\/07\/IMG_20180606_153350-768x432.jpg 768w, https:\/\/cimpro.com.tr\/wp-content\/uploads\/2018\/07\/IMG_20180606_153350-1024x577.jpg 1024w, https:\/\/cimpro.com.tr\/wp-content\/uploads\/2018\/07\/IMG_20180606_153350.jpg 1980w\" sizes=\"(max-width: 300px) 100vw, 300px\" \/><\/a>\n\t\t\t<\/dt><\/dl><br style=\"clear: both\" \/><dl class='gallery-item'>\n\t\t\t<dt class='gallery-icon landscape'>\n\t\t\t\t<a href='https:\/\/cimpro.com.tr\/wp-content\/uploads\/2018\/07\/De\u011firmen-Giri\u015f-H\u00fccre-Tekeri.jpg'><img loading=\"lazy\" decoding=\"async\" width=\"300\" height=\"225\" src=\"https:\/\/cimpro.com.tr\/wp-content\/uploads\/2018\/07\/De\u011firmen-Giri\u015f-H\u00fccre-Tekeri-300x225.jpg\" class=\"attachment-medium size-medium\" alt=\"\" srcset=\"https:\/\/cimpro.com.tr\/wp-content\/uploads\/2018\/07\/De\u011firmen-Giri\u015f-H\u00fccre-Tekeri-300x225.jpg 300w, https:\/\/cimpro.com.tr\/wp-content\/uploads\/2018\/07\/De\u011firmen-Giri\u015f-H\u00fccre-Tekeri-768x576.jpg 768w, https:\/\/cimpro.com.tr\/wp-content\/uploads\/2018\/07\/De\u011firmen-Giri\u015f-H\u00fccre-Tekeri-1024x768.jpg 1024w\" sizes=\"(max-width: 300px) 100vw, 300px\" \/><\/a>\n\t\t\t<\/dt><\/dl><dl class='gallery-item'>\n\t\t\t<dt class='gallery-icon landscape'>\n\t\t\t\t<a href='https:\/\/cimpro.com.tr\/wp-content\/uploads\/2018\/07\/Filtre-Kafes.jpg'><img loading=\"lazy\" decoding=\"async\" width=\"300\" height=\"225\" src=\"https:\/\/cimpro.com.tr\/wp-content\/uploads\/2018\/07\/Filtre-Kafes-300x225.jpg\" class=\"attachment-medium size-medium\" alt=\"\" srcset=\"https:\/\/cimpro.com.tr\/wp-content\/uploads\/2018\/07\/Filtre-Kafes-300x225.jpg 300w, https:\/\/cimpro.com.tr\/wp-content\/uploads\/2018\/07\/Filtre-Kafes-768x576.jpg 768w, https:\/\/cimpro.com.tr\/wp-content\/uploads\/2018\/07\/Filtre-Kafes-1024x768.jpg 1024w, https:\/\/cimpro.com.tr\/wp-content\/uploads\/2018\/07\/Filtre-Kafes.jpg 1980w\" sizes=\"(max-width: 300px) 100vw, 300px\" \/><\/a>\n\t\t\t<\/dt><\/dl><dl class='gallery-item'>\n\t\t\t<dt class='gallery-icon portrait'>\n\t\t\t\t<a href='https:\/\/cimpro.com.tr\/wp-content\/uploads\/2018\/07\/Filtre-Kafesleri.jpg'><img loading=\"lazy\" decoding=\"async\" width=\"225\" height=\"300\" src=\"https:\/\/cimpro.com.tr\/wp-content\/uploads\/2018\/07\/Filtre-Kafesleri-225x300.jpg\" class=\"attachment-medium size-medium\" alt=\"\" srcset=\"https:\/\/cimpro.com.tr\/wp-content\/uploads\/2018\/07\/Filtre-Kafesleri-225x300.jpg 225w, https:\/\/cimpro.com.tr\/wp-content\/uploads\/2018\/07\/Filtre-Kafesleri-768x1024.jpg 768w, https:\/\/cimpro.com.tr\/wp-content\/uploads\/2018\/07\/Filtre-Kafesleri.jpg 1485w\" sizes=\"(max-width: 225px) 100vw, 225px\" \/><\/a>\n\t\t\t<\/dt><\/dl><br style=\"clear: both\" \/><dl class='gallery-item'>\n\t\t\t<dt class='gallery-icon portrait'>\n\t\t\t\t<a href='https:\/\/cimpro.com.tr\/wp-content\/uploads\/2018\/07\/Haval\u0131-Bant-2.jpg'><img loading=\"lazy\" decoding=\"async\" width=\"200\" height=\"300\" src=\"https:\/\/cimpro.com.tr\/wp-content\/uploads\/2018\/07\/Haval\u0131-Bant-2-200x300.jpg\" class=\"attachment-medium size-medium\" alt=\"\" srcset=\"https:\/\/cimpro.com.tr\/wp-content\/uploads\/2018\/07\/Haval\u0131-Bant-2-200x300.jpg 200w, https:\/\/cimpro.com.tr\/wp-content\/uploads\/2018\/07\/Haval\u0131-Bant-2-768x1152.jpg 768w, https:\/\/cimpro.com.tr\/wp-content\/uploads\/2018\/07\/Haval\u0131-Bant-2-683x1024.jpg 683w, https:\/\/cimpro.com.tr\/wp-content\/uploads\/2018\/07\/Haval\u0131-Bant-2.jpg 1320w\" sizes=\"(max-width: 200px) 100vw, 200px\" \/><\/a>\n\t\t\t<\/dt><\/dl>\n\t\t\t<br style='clear: both' \/>\n\t\t<\/div>\n\n","protected":false},"excerpt":{"rendered":"","protected":false},"author":1,"featured_media":146,"parent":0,"menu_order":0,"comment_status":"closed","ping_status":"closed","template":"","meta":{"footnotes":""},"aioseo_notices":[],"_links":{"self":[{"href":"https:\/\/cimpro.com.tr\/index.php?rest_route=\/wp\/v2\/pages\/75"}],"collection":[{"href":"https:\/\/cimpro.com.tr\/index.php?rest_route=\/wp\/v2\/pages"}],"about":[{"href":"https:\/\/cimpro.com.tr\/index.php?rest_route=\/wp\/v2\/types\/page"}],"author":[{"embeddable":true,"href":"https:\/\/cimpro.com.tr\/index.php?rest_route=\/wp\/v2\/users\/1"}],"replies":[{"embeddable":true,"href":"https:\/\/cimpro.com.tr\/index.php?rest_route=%2Fwp%2Fv2%2Fcomments&post=75"}],"version-history":[{"count":7,"href":"https:\/\/cimpro.com.tr\/index.php?rest_route=\/wp\/v2\/pages\/75\/revisions"}],"predecessor-version":[{"id":558,"href":"https:\/\/cimpro.com.tr\/index.php?rest_route=\/wp\/v2\/pages\/75\/revisions\/558"}],"wp:featuredmedia":[{"embeddable":true,"href":"https:\/\/cimpro.com.tr\/index.php?rest_route=\/wp\/v2\/media\/146"}],"wp:attachment":[{"href":"https:\/\/cimpro.com.tr\/index.php?rest_route=%2Fwp%2Fv2%2Fmedia&parent=75"}],"curies":[{"name":"wp","href":"https:\/\/api.w.org\/{rel}","templated":true}]}}