{"id":70,"date":"2018-05-24T09:21:30","date_gmt":"2018-05-24T06:21:30","guid":{"rendered":"http:\/\/cimpro.com.tr\/?page_id=70"},"modified":"2018-05-25T16:25:42","modified_gmt":"2018-05-25T13:25:42","slug":"vizyon-misyon","status":"publish","type":"page","link":"https:\/\/cimpro.com.tr\/?page_id=70","title":{"rendered":"Vizyon &#038; Misyon"},"content":{"rendered":"<p><a href=\"http:\/\/cimpro.com.tr\/wp-content\/uploads\/2018\/05\/cimprologo-2.png\"><img loading=\"lazy\" decoding=\"async\" class=\"size-full wp-image-136 aligncenter\" src=\"http:\/\/cimpro.com.tr\/wp-content\/uploads\/2018\/05\/cimprologo-2.png\" alt=\"\" width=\"822\" height=\"212\" srcset=\"https:\/\/cimpro.com.tr\/wp-content\/uploads\/2018\/05\/cimprologo-2.png 822w, https:\/\/cimpro.com.tr\/wp-content\/uploads\/2018\/05\/cimprologo-2-300x77.png 300w, https:\/\/cimpro.com.tr\/wp-content\/uploads\/2018\/05\/cimprologo-2-768x198.png 768w\" sizes=\"(max-width: 822px) 100vw, 822px\" \/><\/a><\/p>\n<p>CimPro olarak \u00c7imento Sekt\u00f6r\u00fcnde sahip oldu\u011fumuz 25 y\u0131l\u0131 a\u015fk\u0131n bilgi ve tecr\u00fcbemizi, \u00a0siz de\u011ferli m\u00fc\u015fterilerimiz ile payla\u015fman\u0131n heyecan\u0131n\u0131 duyuyoruz.<\/p>\n<p>Kuruldu\u011fumuz g\u00fcnden itibaren \u00c7imento Proses Ekipmanlar\u0131 konusunda \u00fcretim yapan uzman kadromuz ile; T\u00fcrkiye genelinde bir\u00e7ok farkl\u0131 sekt\u00f6rlerinde makina tasar\u0131m\u0131, imalat\u0131, ekipman\u0131 ve yedek par\u00e7a tedari\u011fini sa\u011flamaktay\u0131z.<\/p>\n<p>Hizmet alanlar\u0131m\u0131z; \u00a0Makina Tasar\u0131m\u0131 ve imalat\u0131, Ar-ge \u00c7al\u0131\u015fmalar\u0131,\u00a0Tala\u015fl\u0131 imalat, D\u00f6k\u00fcm, \u00c7elik Konstr\u00fcksiyon, CNC i\u015fleme, \u0130\u015f G\u00fcvenli\u011fi Ekipmanlar\u0131, Vibrasyon, Tasman \u00d6l\u00e7\u00fcm\u00fc, Reglaj Ayar\u0131, Bak\u0131m ve Revizyon hizmetlerimiz ile yurt i\u00e7i ve yurt d\u0131\u015f\u0131 hizmet\u00a0 operasyonlar\u0131n\u0131 da kapsamaktad\u0131r.<\/p>\n<p>Cimpro olarak kurulu\u015fumuzdan itibaren \u00a0Kaliteye, \u0130\u015f G\u00fcvenli\u011fine verdi\u011fimiz \u00f6nem ve zoru ba\u015farma azmimiz sayesinde, k\u0131sa s\u00fcrede \u00c7imento ve Makina \u0130malat Sekt\u00f6r\u00fcnde tan\u0131nm\u0131\u015f ve bu ilkeleri do\u011frultusunda azimle \u00e7al\u0131\u015fmaya devam etmekteyiz.<\/p>\n<p>Firmam\u0131z\u0131n de\u011fi\u015fmez ilkesi daima kaliteli hizmet, zaman\u0131nda teslim ve uygun fiyat olmu\u015ftur.Bug\u00fcn ve gelecekte de \u00e7\u00f6z\u00fcm orta\u011f\u0131n\u0131z olarak ayn\u0131 ilkelerle hizmet vermeye devam edecektir.<\/p>\n<p>\u201c\u00dcretimde ba\u015far\u0131 ve s\u00fcreklili\u011fin teminat\u0131, hizmette d\u00fcr\u00fcstl\u00fck ve kalitedir.\u201d Prensibiyle \u00e7al\u0131\u015fan CimPro, g\u00f6sterdi\u011finiz yak\u0131n ilgi ve deste\u011finizden \u00f6t\u00fcr\u00fc te\u015fekk\u00fcr eder.<\/p>\n<p>\u0130\u015f kazas\u0131z \u00e7al\u0131\u015fmalar diler, sayg\u0131lar\u0131m\u0131z\u0131 sunar\u0131z.<\/p>\n","protected":false},"excerpt":{"rendered":"<p>CimPro olarak \u00c7imento Sekt\u00f6r\u00fcnde sahip oldu\u011fumuz 25 y\u0131l\u0131 a\u015fk\u0131n bilgi ve tecr\u00fcbemizi, \u00a0siz de\u011ferli m\u00fc\u015fterilerimiz ile payla\u015fman\u0131n heyecan\u0131n\u0131 duyuyoruz. Kuruldu\u011fumuz g\u00fcnden itibaren \u00c7imento Proses Ekipmanlar\u0131 konusunda \u00fcretim yapan uzman kadromuz ile; T\u00fcrkiye genelinde bir\u00e7ok farkl\u0131 sekt\u00f6rlerinde makina tasar\u0131m\u0131, imalat\u0131, ekipman\u0131 ve yedek par\u00e7a tedari\u011fini sa\u011flamaktay\u0131z. Hizmet alanlar\u0131m\u0131z; \u00a0Makina Tasar\u0131m\u0131 ve imalat\u0131, Ar-ge \u00c7al\u0131\u015fmalar\u0131,\u00a0Tala\u015fl\u0131 imalat, D\u00f6k\u00fcm, [&hellip;]<\/p>\n","protected":false},"author":1,"featured_media":0,"parent":0,"menu_order":0,"comment_status":"closed","ping_status":"closed","template":"pages\/page-full.php","meta":{"footnotes":""},"aioseo_notices":[],"_links":{"self":[{"href":"https:\/\/cimpro.com.tr\/index.php?rest_route=\/wp\/v2\/pages\/70"}],"collection":[{"href":"https:\/\/cimpro.com.tr\/index.php?rest_route=\/wp\/v2\/pages"}],"about":[{"href":"https:\/\/cimpro.com.tr\/index.php?rest_route=\/wp\/v2\/types\/page"}],"author":[{"embeddable":true,"href":"https:\/\/cimpro.com.tr\/index.php?rest_route=\/wp\/v2\/users\/1"}],"replies":[{"embeddable":true,"href":"https:\/\/cimpro.com.tr\/index.php?rest_route=%2Fwp%2Fv2%2Fcomments&post=70"}],"version-history":[{"count":6,"href":"https:\/\/cimpro.com.tr\/index.php?rest_route=\/wp\/v2\/pages\/70\/revisions"}],"predecessor-version":[{"id":157,"href":"https:\/\/cimpro.com.tr\/index.php?rest_route=\/wp\/v2\/pages\/70\/revisions\/157"}],"wp:attachment":[{"href":"https:\/\/cimpro.com.tr\/index.php?rest_route=%2Fwp%2Fv2%2Fmedia&parent=70"}],"curies":[{"name":"wp","href":"https:\/\/api.w.org\/{rel}","templated":true}]}}