{"id":68,"date":"2018-05-24T09:21:17","date_gmt":"2018-05-24T06:21:17","guid":{"rendered":"http:\/\/cimpro.com.tr\/?page_id=68"},"modified":"2021-11-22T16:38:23","modified_gmt":"2021-11-22T13:38:23","slug":"hakkimizda","status":"publish","type":"page","link":"https:\/\/cimpro.com.tr\/?page_id=68","title":{"rendered":"Hakk\u0131m\u0131zda"},"content":{"rendered":"<p>CimPro 25 y\u0131ll\u0131k \u00fcretim ve teknik tecr\u00fcbesiyle \u00c7imento Fabrika ekipmanlar\u0131 \u00fcretmeye devam ediyor. Alanlar\u0131nda uzmanla\u015fm\u0131\u015f i\u015fini ciddiye alan \u00fc\u00e7 ortak ile 2016 y\u0131l\u0131nda kurumsalla\u015fan ve g\u00fc\u00e7l\u00fc projelere imza atan CimPro sekt\u00f6r\u00fcnde lider olmay\u0131 ve m\u00fc\u015fteri memnuniyetini en \u00fcst seviyede tutmay\u0131 hedefleyerek hizmet hayat\u0131 boyunca sizlere kaliteyi ve profesyonelli\u011fi sunmay\u0131 garanti ediyor. Makina kullan\u0131m\u0131nda i\u015f g\u00fcvenli\u011fi esasl\u0131 tasar\u0131mlarla, personel g\u00fcvenli\u011fini \u00f6n planda tutan ekipmanlar \u00fcretilmektedir.<\/p>\n","protected":false},"excerpt":{"rendered":"<p>CimPro 25 y\u0131ll\u0131k \u00fcretim ve teknik tecr\u00fcbesiyle \u00c7imento Fabrika ekipmanlar\u0131 \u00fcretmeye devam ediyor. Alanlar\u0131nda uzmanla\u015fm\u0131\u015f i\u015fini ciddiye alan \u00fc\u00e7 ortak ile 2016 y\u0131l\u0131nda kurumsalla\u015fan ve g\u00fc\u00e7l\u00fc projelere imza atan CimPro sekt\u00f6r\u00fcnde lider olmay\u0131 ve m\u00fc\u015fteri memnuniyetini en \u00fcst seviyede tutmay\u0131 hedefleyerek hizmet hayat\u0131 boyunca sizlere kaliteyi ve profesyonelli\u011fi sunmay\u0131 garanti ediyor. Makina kullan\u0131m\u0131nda i\u015f g\u00fcvenli\u011fi [&hellip;]<\/p>\n","protected":false},"author":1,"featured_media":0,"parent":0,"menu_order":0,"comment_status":"closed","ping_status":"closed","template":"pages\/page-full.php","meta":{"footnotes":""},"aioseo_notices":[],"_links":{"self":[{"href":"https:\/\/cimpro.com.tr\/index.php?rest_route=\/wp\/v2\/pages\/68"}],"collection":[{"href":"https:\/\/cimpro.com.tr\/index.php?rest_route=\/wp\/v2\/pages"}],"about":[{"href":"https:\/\/cimpro.com.tr\/index.php?rest_route=\/wp\/v2\/types\/page"}],"author":[{"embeddable":true,"href":"https:\/\/cimpro.com.tr\/index.php?rest_route=\/wp\/v2\/users\/1"}],"replies":[{"embeddable":true,"href":"https:\/\/cimpro.com.tr\/index.php?rest_route=%2Fwp%2Fv2%2Fcomments&post=68"}],"version-history":[{"count":2,"href":"https:\/\/cimpro.com.tr\/index.php?rest_route=\/wp\/v2\/pages\/68\/revisions"}],"predecessor-version":[{"id":718,"href":"https:\/\/cimpro.com.tr\/index.php?rest_route=\/wp\/v2\/pages\/68\/revisions\/718"}],"wp:attachment":[{"href":"https:\/\/cimpro.com.tr\/index.php?rest_route=%2Fwp%2Fv2%2Fmedia&parent=68"}],"curies":[{"name":"wp","href":"https:\/\/api.w.org\/{rel}","templated":true}]}}