{"id":656,"date":"2019-11-20T09:04:27","date_gmt":"2019-11-20T06:04:27","guid":{"rendered":"http:\/\/cimpro.com.tr\/?page_id=656"},"modified":"2019-11-20T09:04:27","modified_gmt":"2019-11-20T06:04:27","slug":"helezon","status":"publish","type":"page","link":"https:\/\/cimpro.com.tr\/?page_id=656","title":{"rendered":"Helezon"},"content":{"rendered":"<div id='gallery-1' class='gallery galleryid-656 gallery-columns-3 gallery-size-medium'><dl class='gallery-item'>\n\t\t\t<dt class='gallery-icon landscape'>\n\t\t\t\t<a href='https:\/\/cimpro.com.tr\/wp-content\/uploads\/2019\/11\/Helezonlar.jpg'><img loading=\"lazy\" decoding=\"async\" width=\"300\" height=\"200\" src=\"https:\/\/cimpro.com.tr\/wp-content\/uploads\/2019\/11\/Helezonlar-300x200.jpg\" class=\"attachment-medium size-medium\" alt=\"\" srcset=\"https:\/\/cimpro.com.tr\/wp-content\/uploads\/2019\/11\/Helezonlar-300x200.jpg 300w, https:\/\/cimpro.com.tr\/wp-content\/uploads\/2019\/11\/Helezonlar-768x512.jpg 768w, https:\/\/cimpro.com.tr\/wp-content\/uploads\/2019\/11\/Helezonlar-1024x683.jpg 1024w\" sizes=\"(max-width: 300px) 100vw, 300px\" \/><\/a>\n\t\t\t<\/dt><\/dl><dl class='gallery-item'>\n\t\t\t<dt class='gallery-icon landscape'>\n\t\t\t\t<a href='https:\/\/cimpro.com.tr\/wp-content\/uploads\/2019\/11\/Helezon-\u0130malat\u0131-01.jpg'><img loading=\"lazy\" decoding=\"async\" width=\"300\" height=\"200\" src=\"https:\/\/cimpro.com.tr\/wp-content\/uploads\/2019\/11\/Helezon-\u0130malat\u0131-01-300x200.jpg\" class=\"attachment-medium size-medium\" alt=\"\" srcset=\"https:\/\/cimpro.com.tr\/wp-content\/uploads\/2019\/11\/Helezon-\u0130malat\u0131-01-300x200.jpg 300w, https:\/\/cimpro.com.tr\/wp-content\/uploads\/2019\/11\/Helezon-\u0130malat\u0131-01-768x512.jpg 768w, https:\/\/cimpro.com.tr\/wp-content\/uploads\/2019\/11\/Helezon-\u0130malat\u0131-01-1024x683.jpg 1024w\" sizes=\"(max-width: 300px) 100vw, 300px\" \/><\/a>\n\t\t\t<\/dt><\/dl><dl class='gallery-item'>\n\t\t\t<dt class='gallery-icon landscape'>\n\t\t\t\t<a href='https:\/\/cimpro.com.tr\/wp-content\/uploads\/2019\/11\/T\u00fcp-Helezonlar-01.jpg'><img loading=\"lazy\" decoding=\"async\" width=\"300\" height=\"200\" src=\"https:\/\/cimpro.com.tr\/wp-content\/uploads\/2019\/11\/T\u00fcp-Helezonlar-01-300x200.jpg\" class=\"attachment-medium size-medium\" alt=\"\" srcset=\"https:\/\/cimpro.com.tr\/wp-content\/uploads\/2019\/11\/T\u00fcp-Helezonlar-01-300x200.jpg 300w, https:\/\/cimpro.com.tr\/wp-content\/uploads\/2019\/11\/T\u00fcp-Helezonlar-01-768x513.jpg 768w, https:\/\/cimpro.com.tr\/wp-content\/uploads\/2019\/11\/T\u00fcp-Helezonlar-01-1024x684.jpg 1024w, https:\/\/cimpro.com.tr\/wp-content\/uploads\/2019\/11\/T\u00fcp-Helezonlar-01.jpg 1498w\" sizes=\"(max-width: 300px) 100vw, 300px\" \/><\/a>\n\t\t\t<\/dt><\/dl><br style=\"clear: both\" \/><dl class='gallery-item'>\n\t\t\t<dt class='gallery-icon landscape'>\n\t\t\t\t<a href='https:\/\/cimpro.com.tr\/wp-content\/uploads\/2019\/11\/T\u00fcp-Helezonlar-02.jpg'><img loading=\"lazy\" decoding=\"async\" width=\"300\" height=\"200\" src=\"https:\/\/cimpro.com.tr\/wp-content\/uploads\/2019\/11\/T\u00fcp-Helezonlar-02-300x200.jpg\" class=\"attachment-medium size-medium\" alt=\"\" srcset=\"https:\/\/cimpro.com.tr\/wp-content\/uploads\/2019\/11\/T\u00fcp-Helezonlar-02-300x200.jpg 300w, https:\/\/cimpro.com.tr\/wp-content\/uploads\/2019\/11\/T\u00fcp-Helezonlar-02-768x512.jpg 768w, https:\/\/cimpro.com.tr\/wp-content\/uploads\/2019\/11\/T\u00fcp-Helezonlar-02-1024x683.jpg 1024w\" sizes=\"(max-width: 300px) 100vw, 300px\" \/><\/a>\n\t\t\t<\/dt><\/dl><dl class='gallery-item'>\n\t\t\t<dt class='gallery-icon landscape'>\n\t\t\t\t<a href='https:\/\/cimpro.com.tr\/wp-content\/uploads\/2019\/11\/800-luk-F\u0131r\u0131n-Besleme-Helezonu.jpg'><img loading=\"lazy\" decoding=\"async\" width=\"300\" height=\"200\" src=\"https:\/\/cimpro.com.tr\/wp-content\/uploads\/2019\/11\/800-luk-F\u0131r\u0131n-Besleme-Helezonu-300x200.jpg\" class=\"attachment-medium size-medium\" alt=\"\" srcset=\"https:\/\/cimpro.com.tr\/wp-content\/uploads\/2019\/11\/800-luk-F\u0131r\u0131n-Besleme-Helezonu-300x200.jpg 300w, https:\/\/cimpro.com.tr\/wp-content\/uploads\/2019\/11\/800-luk-F\u0131r\u0131n-Besleme-Helezonu-768x512.jpg 768w, https:\/\/cimpro.com.tr\/wp-content\/uploads\/2019\/11\/800-luk-F\u0131r\u0131n-Besleme-Helezonu-1024x683.jpg 1024w, https:\/\/cimpro.com.tr\/wp-content\/uploads\/2019\/11\/800-luk-F\u0131r\u0131n-Besleme-Helezonu.jpg 1920w\" sizes=\"(max-width: 300px) 100vw, 300px\" \/><\/a>\n\t\t\t<\/dt><\/dl><dl class='gallery-item'>\n\t\t\t<dt class='gallery-icon landscape'>\n\t\t\t\t<a href='https:\/\/cimpro.com.tr\/wp-content\/uploads\/2019\/11\/\u015eeker-Fabrikas\u0131-Helezon-\u0130malat\u0131-01.jpg'><img loading=\"lazy\" decoding=\"async\" width=\"300\" height=\"169\" src=\"https:\/\/cimpro.com.tr\/wp-content\/uploads\/2019\/11\/\u015eeker-Fabrikas\u0131-Helezon-\u0130malat\u0131-01-300x169.jpg\" class=\"attachment-medium size-medium\" alt=\"\" srcset=\"https:\/\/cimpro.com.tr\/wp-content\/uploads\/2019\/11\/\u015eeker-Fabrikas\u0131-Helezon-\u0130malat\u0131-01-300x169.jpg 300w, https:\/\/cimpro.com.tr\/wp-content\/uploads\/2019\/11\/\u015eeker-Fabrikas\u0131-Helezon-\u0130malat\u0131-01-768x432.jpg 768w, https:\/\/cimpro.com.tr\/wp-content\/uploads\/2019\/11\/\u015eeker-Fabrikas\u0131-Helezon-\u0130malat\u0131-01-1024x577.jpg 1024w\" sizes=\"(max-width: 300px) 100vw, 300px\" \/><\/a>\n\t\t\t<\/dt><\/dl><br style=\"clear: both\" \/><dl class='gallery-item'>\n\t\t\t<dt class='gallery-icon landscape'>\n\t\t\t\t<a href='https:\/\/cimpro.com.tr\/wp-content\/uploads\/2019\/11\/M\u00fc\u015fteri-Helezon-Kullan\u0131m\u0131-CimPro-Makina.jpg'><img loading=\"lazy\" decoding=\"async\" width=\"300\" height=\"200\" src=\"https:\/\/cimpro.com.tr\/wp-content\/uploads\/2019\/11\/M\u00fc\u015fteri-Helezon-Kullan\u0131m\u0131-CimPro-Makina-300x200.jpg\" class=\"attachment-medium size-medium\" alt=\"\" srcset=\"https:\/\/cimpro.com.tr\/wp-content\/uploads\/2019\/11\/M\u00fc\u015fteri-Helezon-Kullan\u0131m\u0131-CimPro-Makina-300x200.jpg 300w, https:\/\/cimpro.com.tr\/wp-content\/uploads\/2019\/11\/M\u00fc\u015fteri-Helezon-Kullan\u0131m\u0131-CimPro-Makina-768x512.jpg 768w, https:\/\/cimpro.com.tr\/wp-content\/uploads\/2019\/11\/M\u00fc\u015fteri-Helezon-Kullan\u0131m\u0131-CimPro-Makina-1024x683.jpg 1024w, https:\/\/cimpro.com.tr\/wp-content\/uploads\/2019\/11\/M\u00fc\u015fteri-Helezon-Kullan\u0131m\u0131-CimPro-Makina.jpg 1920w\" sizes=\"(max-width: 300px) 100vw, 300px\" \/><\/a>\n\t\t\t<\/dt><\/dl>\n\t\t\t<br style='clear: both' \/>\n\t\t<\/div>\n\n","protected":false},"excerpt":{"rendered":"","protected":false},"author":1,"featured_media":648,"parent":123,"menu_order":0,"comment_status":"closed","ping_status":"closed","template":"","meta":{"footnotes":""},"aioseo_notices":[],"_links":{"self":[{"href":"https:\/\/cimpro.com.tr\/index.php?rest_route=\/wp\/v2\/pages\/656"}],"collection":[{"href":"https:\/\/cimpro.com.tr\/index.php?rest_route=\/wp\/v2\/pages"}],"about":[{"href":"https:\/\/cimpro.com.tr\/index.php?rest_route=\/wp\/v2\/types\/page"}],"author":[{"embeddable":true,"href":"https:\/\/cimpro.com.tr\/index.php?rest_route=\/wp\/v2\/users\/1"}],"replies":[{"embeddable":true,"href":"https:\/\/cimpro.com.tr\/index.php?rest_route=%2Fwp%2Fv2%2Fcomments&post=656"}],"version-history":[{"count":1,"href":"https:\/\/cimpro.com.tr\/index.php?rest_route=\/wp\/v2\/pages\/656\/revisions"}],"predecessor-version":[{"id":657,"href":"https:\/\/cimpro.com.tr\/index.php?rest_route=\/wp\/v2\/pages\/656\/revisions\/657"}],"up":[{"embeddable":true,"href":"https:\/\/cimpro.com.tr\/index.php?rest_route=\/wp\/v2\/pages\/123"}],"wp:featuredmedia":[{"embeddable":true,"href":"https:\/\/cimpro.com.tr\/index.php?rest_route=\/wp\/v2\/media\/648"}],"wp:attachment":[{"href":"https:\/\/cimpro.com.tr\/index.php?rest_route=%2Fwp%2Fv2%2Fmedia&parent=656"}],"curies":[{"name":"wp","href":"https:\/\/api.w.org\/{rel}","templated":true}]}}