{"id":600,"date":"2019-03-08T08:40:16","date_gmt":"2019-03-08T06:40:16","guid":{"rendered":"http:\/\/cimpro.com.tr\/?page_id=600"},"modified":"2019-03-08T08:43:34","modified_gmt":"2019-03-08T06:43:34","slug":"kirma-eleme-tesisi","status":"publish","type":"page","link":"https:\/\/cimpro.com.tr\/?page_id=600","title":{"rendered":"K\u0131rma Eleme Tesisi"},"content":{"rendered":"<div id='gallery-1' class='gallery galleryid-600 gallery-columns-3 gallery-size-medium'><dl class='gallery-item'>\n\t\t\t<dt class='gallery-icon landscape'>\n\t\t\t\t<a href='https:\/\/cimpro.com.tr\/wp-content\/uploads\/2019\/03\/A\u00e7\u0131l\u0131r-Kapan\u0131r-Bant-Kapama-1-1.jpg'><img loading=\"lazy\" decoding=\"async\" width=\"300\" height=\"225\" src=\"https:\/\/cimpro.com.tr\/wp-content\/uploads\/2019\/03\/A\u00e7\u0131l\u0131r-Kapan\u0131r-Bant-Kapama-1-1-300x225.jpg\" class=\"attachment-medium size-medium\" alt=\"\" srcset=\"https:\/\/cimpro.com.tr\/wp-content\/uploads\/2019\/03\/A\u00e7\u0131l\u0131r-Kapan\u0131r-Bant-Kapama-1-1-300x225.jpg 300w, https:\/\/cimpro.com.tr\/wp-content\/uploads\/2019\/03\/A\u00e7\u0131l\u0131r-Kapan\u0131r-Bant-Kapama-1-1-768x576.jpg 768w, https:\/\/cimpro.com.tr\/wp-content\/uploads\/2019\/03\/A\u00e7\u0131l\u0131r-Kapan\u0131r-Bant-Kapama-1-1.jpg 1000w\" sizes=\"(max-width: 300px) 100vw, 300px\" \/><\/a>\n\t\t\t<\/dt><\/dl><dl class='gallery-item'>\n\t\t\t<dt class='gallery-icon landscape'>\n\t\t\t\t<a href='https:\/\/cimpro.com.tr\/wp-content\/uploads\/2019\/03\/Bant-Kapama-1.jpg'><img loading=\"lazy\" decoding=\"async\" width=\"300\" height=\"225\" src=\"https:\/\/cimpro.com.tr\/wp-content\/uploads\/2019\/03\/Bant-Kapama-1-300x225.jpg\" class=\"attachment-medium size-medium\" alt=\"\" srcset=\"https:\/\/cimpro.com.tr\/wp-content\/uploads\/2019\/03\/Bant-Kapama-1-300x225.jpg 300w, https:\/\/cimpro.com.tr\/wp-content\/uploads\/2019\/03\/Bant-Kapama-1-768x576.jpg 768w, https:\/\/cimpro.com.tr\/wp-content\/uploads\/2019\/03\/Bant-Kapama-1.jpg 1000w\" sizes=\"(max-width: 300px) 100vw, 300px\" \/><\/a>\n\t\t\t<\/dt><\/dl><dl class='gallery-item'>\n\t\t\t<dt class='gallery-icon landscape'>\n\t\t\t\t<a href='https:\/\/cimpro.com.tr\/wp-content\/uploads\/2019\/03\/Haval\u0131-bant-2.jpg'><img loading=\"lazy\" decoding=\"async\" width=\"300\" height=\"225\" src=\"https:\/\/cimpro.com.tr\/wp-content\/uploads\/2019\/03\/Haval\u0131-bant-2-300x225.jpg\" class=\"attachment-medium size-medium\" alt=\"\" srcset=\"https:\/\/cimpro.com.tr\/wp-content\/uploads\/2019\/03\/Haval\u0131-bant-2-300x225.jpg 300w, https:\/\/cimpro.com.tr\/wp-content\/uploads\/2019\/03\/Haval\u0131-bant-2-768x576.jpg 768w, https:\/\/cimpro.com.tr\/wp-content\/uploads\/2019\/03\/Haval\u0131-bant-2-1024x768.jpg 1024w\" sizes=\"(max-width: 300px) 100vw, 300px\" \/><\/a>\n\t\t\t<\/dt><\/dl><br style=\"clear: both\" \/><dl class='gallery-item'>\n\t\t\t<dt class='gallery-icon landscape'>\n\t\t\t\t<a href='https:\/\/cimpro.com.tr\/wp-content\/uploads\/2019\/03\/Haval\u0131-Bant..jpg'><img loading=\"lazy\" decoding=\"async\" width=\"300\" height=\"225\" src=\"https:\/\/cimpro.com.tr\/wp-content\/uploads\/2019\/03\/Haval\u0131-Bant.-300x225.jpg\" class=\"attachment-medium size-medium\" alt=\"\" srcset=\"https:\/\/cimpro.com.tr\/wp-content\/uploads\/2019\/03\/Haval\u0131-Bant.-300x225.jpg 300w, https:\/\/cimpro.com.tr\/wp-content\/uploads\/2019\/03\/Haval\u0131-Bant.-768x576.jpg 768w, https:\/\/cimpro.com.tr\/wp-content\/uploads\/2019\/03\/Haval\u0131-Bant.-1024x768.jpg 1024w\" sizes=\"(max-width: 300px) 100vw, 300px\" \/><\/a>\n\t\t\t<\/dt><\/dl><dl class='gallery-item'>\n\t\t\t<dt class='gallery-icon landscape'>\n\t\t\t\t<a href='https:\/\/cimpro.com.tr\/wp-content\/uploads\/2019\/03\/Haval\u0131-Ta\u015f\u0131ma.jpg'><img loading=\"lazy\" decoding=\"async\" width=\"300\" height=\"225\" src=\"https:\/\/cimpro.com.tr\/wp-content\/uploads\/2019\/03\/Haval\u0131-Ta\u015f\u0131ma-300x225.jpg\" class=\"attachment-medium size-medium\" alt=\"\" srcset=\"https:\/\/cimpro.com.tr\/wp-content\/uploads\/2019\/03\/Haval\u0131-Ta\u015f\u0131ma-300x225.jpg 300w, https:\/\/cimpro.com.tr\/wp-content\/uploads\/2019\/03\/Haval\u0131-Ta\u015f\u0131ma-768x576.jpg 768w, https:\/\/cimpro.com.tr\/wp-content\/uploads\/2019\/03\/Haval\u0131-Ta\u015f\u0131ma-1024x768.jpg 1024w, https:\/\/cimpro.com.tr\/wp-content\/uploads\/2019\/03\/Haval\u0131-Ta\u015f\u0131ma.jpg 1067w\" sizes=\"(max-width: 300px) 100vw, 300px\" \/><\/a>\n\t\t\t<\/dt><\/dl>\n\t\t\t<br style='clear: both' \/>\n\t\t<\/div>\n\n","protected":false},"excerpt":{"rendered":"","protected":false},"author":1,"featured_media":0,"parent":0,"menu_order":0,"comment_status":"closed","ping_status":"closed","template":"","meta":{"footnotes":""},"aioseo_notices":[],"_links":{"self":[{"href":"https:\/\/cimpro.com.tr\/index.php?rest_route=\/wp\/v2\/pages\/600"}],"collection":[{"href":"https:\/\/cimpro.com.tr\/index.php?rest_route=\/wp\/v2\/pages"}],"about":[{"href":"https:\/\/cimpro.com.tr\/index.php?rest_route=\/wp\/v2\/types\/page"}],"author":[{"embeddable":true,"href":"https:\/\/cimpro.com.tr\/index.php?rest_route=\/wp\/v2\/users\/1"}],"replies":[{"embeddable":true,"href":"https:\/\/cimpro.com.tr\/index.php?rest_route=%2Fwp%2Fv2%2Fcomments&post=600"}],"version-history":[{"count":3,"href":"https:\/\/cimpro.com.tr\/index.php?rest_route=\/wp\/v2\/pages\/600\/revisions"}],"predecessor-version":[{"id":609,"href":"https:\/\/cimpro.com.tr\/index.php?rest_route=\/wp\/v2\/pages\/600\/revisions\/609"}],"wp:attachment":[{"href":"https:\/\/cimpro.com.tr\/index.php?rest_route=%2Fwp%2Fv2%2Fmedia&parent=600"}],"curies":[{"name":"wp","href":"https:\/\/api.w.org\/{rel}","templated":true}]}}