{"id":445,"date":"2018-09-27T17:22:01","date_gmt":"2018-09-27T14:22:01","guid":{"rendered":"http:\/\/cimpro.com.tr\/?page_id=445"},"modified":"2018-09-27T17:26:00","modified_gmt":"2018-09-27T14:26:00","slug":"siringa-baski-makinasi","status":"publish","type":"page","link":"https:\/\/cimpro.com.tr\/?page_id=445","title":{"rendered":"\u015e\u0131r\u0131nga Bask\u0131 Makinas\u0131"},"content":{"rendered":"<div id='gallery-1' class='gallery galleryid-445 gallery-columns-3 gallery-size-large'><dl class='gallery-item'>\n\t\t\t<dt class='gallery-icon landscape'>\n\t\t\t\t<a href='https:\/\/cimpro.com.tr\/?attachment_id=446'><img loading=\"lazy\" decoding=\"async\" width=\"1024\" height=\"768\" src=\"https:\/\/cimpro.com.tr\/wp-content\/uploads\/2018\/09\/\u015e\u0131r\u0131nga-Makinas\u0131-1024x768.jpg\" class=\"attachment-large size-large\" alt=\"\" srcset=\"https:\/\/cimpro.com.tr\/wp-content\/uploads\/2018\/09\/\u015e\u0131r\u0131nga-Makinas\u0131-1024x768.jpg 1024w, https:\/\/cimpro.com.tr\/wp-content\/uploads\/2018\/09\/\u015e\u0131r\u0131nga-Makinas\u0131-300x225.jpg 300w, https:\/\/cimpro.com.tr\/wp-content\/uploads\/2018\/09\/\u015e\u0131r\u0131nga-Makinas\u0131-768x576.jpg 768w, https:\/\/cimpro.com.tr\/wp-content\/uploads\/2018\/09\/\u015e\u0131r\u0131nga-Makinas\u0131.jpg 1920w\" sizes=\"(max-width: 1024px) 100vw, 1024px\" \/><\/a>\n\t\t\t<\/dt><\/dl><dl class='gallery-item'>\n\t\t\t<dt class='gallery-icon landscape'>\n\t\t\t\t<a href='https:\/\/cimpro.com.tr\/?attachment_id=447'><img loading=\"lazy\" decoding=\"async\" width=\"1024\" height=\"768\" src=\"https:\/\/cimpro.com.tr\/wp-content\/uploads\/2018\/09\/\u015e\u0131r\u0131nga-Makinas\u01311-1024x768.jpg\" class=\"attachment-large size-large\" alt=\"\" srcset=\"https:\/\/cimpro.com.tr\/wp-content\/uploads\/2018\/09\/\u015e\u0131r\u0131nga-Makinas\u01311-1024x768.jpg 1024w, https:\/\/cimpro.com.tr\/wp-content\/uploads\/2018\/09\/\u015e\u0131r\u0131nga-Makinas\u01311-300x225.jpg 300w, https:\/\/cimpro.com.tr\/wp-content\/uploads\/2018\/09\/\u015e\u0131r\u0131nga-Makinas\u01311-768x576.jpg 768w, https:\/\/cimpro.com.tr\/wp-content\/uploads\/2018\/09\/\u015e\u0131r\u0131nga-Makinas\u01311.jpg 1920w\" sizes=\"(max-width: 1024px) 100vw, 1024px\" \/><\/a>\n\t\t\t<\/dt><\/dl>\n\t\t\t<br style='clear: both' \/>\n\t\t<\/div>\n\n","protected":false},"excerpt":{"rendered":"","protected":false},"author":1,"featured_media":447,"parent":83,"menu_order":0,"comment_status":"closed","ping_status":"closed","template":"","meta":{"footnotes":""},"aioseo_notices":[],"_links":{"self":[{"href":"https:\/\/cimpro.com.tr\/index.php?rest_route=\/wp\/v2\/pages\/445"}],"collection":[{"href":"https:\/\/cimpro.com.tr\/index.php?rest_route=\/wp\/v2\/pages"}],"about":[{"href":"https:\/\/cimpro.com.tr\/index.php?rest_route=\/wp\/v2\/types\/page"}],"author":[{"embeddable":true,"href":"https:\/\/cimpro.com.tr\/index.php?rest_route=\/wp\/v2\/users\/1"}],"replies":[{"embeddable":true,"href":"https:\/\/cimpro.com.tr\/index.php?rest_route=%2Fwp%2Fv2%2Fcomments&post=445"}],"version-history":[{"count":1,"href":"https:\/\/cimpro.com.tr\/index.php?rest_route=\/wp\/v2\/pages\/445\/revisions"}],"predecessor-version":[{"id":448,"href":"https:\/\/cimpro.com.tr\/index.php?rest_route=\/wp\/v2\/pages\/445\/revisions\/448"}],"up":[{"embeddable":true,"href":"https:\/\/cimpro.com.tr\/index.php?rest_route=\/wp\/v2\/pages\/83"}],"wp:featuredmedia":[{"embeddable":true,"href":"https:\/\/cimpro.com.tr\/index.php?rest_route=\/wp\/v2\/media\/447"}],"wp:attachment":[{"href":"https:\/\/cimpro.com.tr\/index.php?rest_route=%2Fwp%2Fv2%2Fmedia&parent=445"}],"curies":[{"name":"wp","href":"https:\/\/api.w.org\/{rel}","templated":true}]}}