{"id":166,"date":"2018-05-30T08:04:56","date_gmt":"2018-05-30T05:04:56","guid":{"rendered":"http:\/\/cimpro.com.tr\/?page_id=166"},"modified":"2023-06-22T11:30:59","modified_gmt":"2023-06-22T08:30:59","slug":"hucre-tekeri","status":"publish","type":"page","link":"https:\/\/cimpro.com.tr\/?page_id=166","title":{"rendered":"H\u00fccre Tekeri"},"content":{"rendered":"<p>H\u00fccre tekeri imalat\u0131m\u0131zdan foto\u011fraflar&#8230;<\/p>\n<div id='gallery-1' class='gallery galleryid-166 gallery-columns-3 gallery-size-medium'><dl class='gallery-item'>\n\t\t\t<dt class='gallery-icon landscape'>\n\t\t\t\t<a href='https:\/\/cimpro.com.tr\/wp-content\/uploads\/2018\/07\/IMG_20180606_153350.jpg'><img loading=\"lazy\" decoding=\"async\" width=\"300\" height=\"169\" src=\"https:\/\/cimpro.com.tr\/wp-content\/uploads\/2018\/07\/IMG_20180606_153350-300x169.jpg\" class=\"attachment-medium size-medium\" alt=\"\" srcset=\"https:\/\/cimpro.com.tr\/wp-content\/uploads\/2018\/07\/IMG_20180606_153350-300x169.jpg 300w, https:\/\/cimpro.com.tr\/wp-content\/uploads\/2018\/07\/IMG_20180606_153350-768x432.jpg 768w, https:\/\/cimpro.com.tr\/wp-content\/uploads\/2018\/07\/IMG_20180606_153350-1024x577.jpg 1024w, https:\/\/cimpro.com.tr\/wp-content\/uploads\/2018\/07\/IMG_20180606_153350.jpg 1980w\" sizes=\"(max-width: 300px) 100vw, 300px\" \/><\/a>\n\t\t\t<\/dt><\/dl><dl class='gallery-item'>\n\t\t\t<dt class='gallery-icon landscape'>\n\t\t\t\t<a href='https:\/\/cimpro.com.tr\/wp-content\/uploads\/2019\/11\/H\u00fccre-Tekeri-\u00d81250-01.png'><img loading=\"lazy\" decoding=\"async\" width=\"300\" height=\"188\" src=\"https:\/\/cimpro.com.tr\/wp-content\/uploads\/2019\/11\/H\u00fccre-Tekeri-\u00d81250-01-300x188.png\" class=\"attachment-medium size-medium\" alt=\"\" srcset=\"https:\/\/cimpro.com.tr\/wp-content\/uploads\/2019\/11\/H\u00fccre-Tekeri-\u00d81250-01-300x188.png 300w, https:\/\/cimpro.com.tr\/wp-content\/uploads\/2019\/11\/H\u00fccre-Tekeri-\u00d81250-01-768x480.png 768w, https:\/\/cimpro.com.tr\/wp-content\/uploads\/2019\/11\/H\u00fccre-Tekeri-\u00d81250-01-1024x640.png 1024w, https:\/\/cimpro.com.tr\/wp-content\/uploads\/2019\/11\/H\u00fccre-Tekeri-\u00d81250-01.png 1920w\" sizes=\"(max-width: 300px) 100vw, 300px\" \/><\/a>\n\t\t\t<\/dt><\/dl><dl class='gallery-item'>\n\t\t\t<dt class='gallery-icon landscape'>\n\t\t\t\t<a href='https:\/\/cimpro.com.tr\/wp-content\/uploads\/2019\/11\/H\u00fccre-Tekeri-\u00d81250-02.jpg'><img loading=\"lazy\" decoding=\"async\" width=\"300\" height=\"200\" src=\"https:\/\/cimpro.com.tr\/wp-content\/uploads\/2019\/11\/H\u00fccre-Tekeri-\u00d81250-02-300x200.jpg\" class=\"attachment-medium size-medium\" alt=\"\" srcset=\"https:\/\/cimpro.com.tr\/wp-content\/uploads\/2019\/11\/H\u00fccre-Tekeri-\u00d81250-02-300x200.jpg 300w, https:\/\/cimpro.com.tr\/wp-content\/uploads\/2019\/11\/H\u00fccre-Tekeri-\u00d81250-02-768x513.jpg 768w, https:\/\/cimpro.com.tr\/wp-content\/uploads\/2019\/11\/H\u00fccre-Tekeri-\u00d81250-02-1024x684.jpg 1024w\" sizes=\"(max-width: 300px) 100vw, 300px\" \/><\/a>\n\t\t\t<\/dt><\/dl><br style=\"clear: both\" \/><dl class='gallery-item'>\n\t\t\t<dt class='gallery-icon landscape'>\n\t\t\t\t<a href='https:\/\/cimpro.com.tr\/wp-content\/uploads\/2019\/11\/H\u00fccre-Tekeri-\u00d81600.png'><img loading=\"lazy\" decoding=\"async\" width=\"300\" height=\"200\" src=\"https:\/\/cimpro.com.tr\/wp-content\/uploads\/2019\/11\/H\u00fccre-Tekeri-\u00d81600-300x200.png\" class=\"attachment-medium size-medium\" alt=\"\" srcset=\"https:\/\/cimpro.com.tr\/wp-content\/uploads\/2019\/11\/H\u00fccre-Tekeri-\u00d81600-300x200.png 300w, https:\/\/cimpro.com.tr\/wp-content\/uploads\/2019\/11\/H\u00fccre-Tekeri-\u00d81600-768x512.png 768w, https:\/\/cimpro.com.tr\/wp-content\/uploads\/2019\/11\/H\u00fccre-Tekeri-\u00d81600-1024x683.png 1024w\" sizes=\"(max-width: 300px) 100vw, 300px\" \/><\/a>\n\t\t\t<\/dt><\/dl><dl class='gallery-item'>\n\t\t\t<dt class='gallery-icon landscape'>\n\t\t\t\t<a href='https:\/\/cimpro.com.tr\/wp-content\/uploads\/2021\/11\/O1600-Hucre-Tekeri.png'><img loading=\"lazy\" decoding=\"async\" width=\"300\" height=\"220\" src=\"https:\/\/cimpro.com.tr\/wp-content\/uploads\/2021\/11\/O1600-Hucre-Tekeri-300x220.png\" class=\"attachment-medium size-medium\" alt=\"\" srcset=\"https:\/\/cimpro.com.tr\/wp-content\/uploads\/2021\/11\/O1600-Hucre-Tekeri-300x220.png 300w, https:\/\/cimpro.com.tr\/wp-content\/uploads\/2021\/11\/O1600-Hucre-Tekeri-1024x751.png 1024w, https:\/\/cimpro.com.tr\/wp-content\/uploads\/2021\/11\/O1600-Hucre-Tekeri-768x563.png 768w, https:\/\/cimpro.com.tr\/wp-content\/uploads\/2021\/11\/O1600-Hucre-Tekeri-1536x1126.png 1536w, https:\/\/cimpro.com.tr\/wp-content\/uploads\/2021\/11\/O1600-Hucre-Tekeri.png 1920w\" sizes=\"(max-width: 300px) 100vw, 300px\" \/><\/a>\n\t\t\t<\/dt><\/dl><dl class='gallery-item'>\n\t\t\t<dt class='gallery-icon landscape'>\n\t\t\t\t<a href='https:\/\/cimpro.com.tr\/wp-content\/uploads\/2023\/05\/O1000-HUCRE-TEKERI.png'><img loading=\"lazy\" decoding=\"async\" width=\"300\" height=\"220\" src=\"https:\/\/cimpro.com.tr\/wp-content\/uploads\/2023\/05\/O1000-HUCRE-TEKERI-300x220.png\" class=\"attachment-medium size-medium\" alt=\"\" srcset=\"https:\/\/cimpro.com.tr\/wp-content\/uploads\/2023\/05\/O1000-HUCRE-TEKERI-300x220.png 300w, https:\/\/cimpro.com.tr\/wp-content\/uploads\/2023\/05\/O1000-HUCRE-TEKERI-1024x751.png 1024w, https:\/\/cimpro.com.tr\/wp-content\/uploads\/2023\/05\/O1000-HUCRE-TEKERI-768x563.png 768w, https:\/\/cimpro.com.tr\/wp-content\/uploads\/2023\/05\/O1000-HUCRE-TEKERI-1536x1126.png 1536w, https:\/\/cimpro.com.tr\/wp-content\/uploads\/2023\/05\/O1000-HUCRE-TEKERI-2048x1502.png 2048w\" sizes=\"(max-width: 300px) 100vw, 300px\" \/><\/a>\n\t\t\t<\/dt><\/dl><br style=\"clear: both\" \/><dl class='gallery-item'>\n\t\t\t<dt class='gallery-icon landscape'>\n\t\t\t\t<a href='https:\/\/cimpro.com.tr\/wp-content\/uploads\/2023\/05\/IMG_2632.jpg'><img loading=\"lazy\" decoding=\"async\" width=\"300\" height=\"225\" src=\"https:\/\/cimpro.com.tr\/wp-content\/uploads\/2023\/05\/IMG_2632-300x225.jpg\" class=\"attachment-medium size-medium\" alt=\"\" srcset=\"https:\/\/cimpro.com.tr\/wp-content\/uploads\/2023\/05\/IMG_2632-300x225.jpg 300w, https:\/\/cimpro.com.tr\/wp-content\/uploads\/2023\/05\/IMG_2632-1024x768.jpg 1024w, https:\/\/cimpro.com.tr\/wp-content\/uploads\/2023\/05\/IMG_2632-768x576.jpg 768w, https:\/\/cimpro.com.tr\/wp-content\/uploads\/2023\/05\/IMG_2632-1536x1152.jpg 1536w, https:\/\/cimpro.com.tr\/wp-content\/uploads\/2023\/05\/IMG_2632.jpg 1920w\" sizes=\"(max-width: 300px) 100vw, 300px\" \/><\/a>\n\t\t\t<\/dt><\/dl>\n\t\t\t<br style='clear: both' \/>\n\t\t<\/div>\n\n","protected":false},"excerpt":{"rendered":"<p>H\u00fccre tekeri imalat\u0131m\u0131zdan foto\u011fraflar&#8230;<\/p>\n","protected":false},"author":1,"featured_media":207,"parent":75,"menu_order":0,"comment_status":"closed","ping_status":"closed","template":"","meta":{"footnotes":""},"aioseo_notices":[],"_links":{"self":[{"href":"https:\/\/cimpro.com.tr\/index.php?rest_route=\/wp\/v2\/pages\/166"}],"collection":[{"href":"https:\/\/cimpro.com.tr\/index.php?rest_route=\/wp\/v2\/pages"}],"about":[{"href":"https:\/\/cimpro.com.tr\/index.php?rest_route=\/wp\/v2\/types\/page"}],"author":[{"embeddable":true,"href":"https:\/\/cimpro.com.tr\/index.php?rest_route=\/wp\/v2\/users\/1"}],"replies":[{"embeddable":true,"href":"https:\/\/cimpro.com.tr\/index.php?rest_route=%2Fwp%2Fv2%2Fcomments&post=166"}],"version-history":[{"count":8,"href":"https:\/\/cimpro.com.tr\/index.php?rest_route=\/wp\/v2\/pages\/166\/revisions"}],"predecessor-version":[{"id":774,"href":"https:\/\/cimpro.com.tr\/index.php?rest_route=\/wp\/v2\/pages\/166\/revisions\/774"}],"up":[{"embeddable":true,"href":"https:\/\/cimpro.com.tr\/index.php?rest_route=\/wp\/v2\/pages\/75"}],"wp:featuredmedia":[{"embeddable":true,"href":"https:\/\/cimpro.com.tr\/index.php?rest_route=\/wp\/v2\/media\/207"}],"wp:attachment":[{"href":"https:\/\/cimpro.com.tr\/index.php?rest_route=%2Fwp%2Fv2%2Fmedia&parent=166"}],"curies":[{"name":"wp","href":"https:\/\/api.w.org\/{rel}","templated":true}]}}